{"id":18772,"date":"2022-11-27T13:24:28","date_gmt":"2022-11-27T12:24:28","guid":{"rendered":"https:\/\/lienou.fr\/mon-compte\/"},"modified":"2024-04-28T03:42:43","modified_gmt":"2024-04-28T01:42:43","slug":"mon-compte","status":"publish","type":"page","link":"https:\/\/lienou.fr\/en\/mon-compte\/","title":{"rendered":"Mon compte"},"content":{"rendered":"<div data-elementor-type=\"wp-page\" data-elementor-id=\"18772\" class=\"elementor elementor-18772\" data-elementor-settings=\"{&quot;ha_cmc_init_switcher&quot;:&quot;no&quot;}\" data-elementor-post-type=\"page\">\n\t\t\t\t<div class=\"elementor-element elementor-element-aae708b e-con-full e-flex e-con e-parent\" data-id=\"aae708b\" data-element_type=\"container\" data-e-type=\"container\">\n\t\t\t\t<div class=\"elementor-element elementor-element-2d58235 e-my-account-tabs-vertical elementor-widget elementor-widget-woocommerce-my-account\" data-id=\"2d58235\" data-element_type=\"widget\" data-e-type=\"widget\" data-widget_type=\"woocommerce-my-account.default\">\n\t\t\t\t<div class=\"elementor-widget-container\">\n\t\t\t\t\t<div class=\"e-my-account-tab e-my-account-tab__\">\t\t\t<div class=\"woocommerce\"><\/div>\t\t<\/div>\n\t\t\t\t\t\t<\/div>\n\t\t\t\t<\/div>\n\t\t\t\t<\/div>\n\t\t\t\t<\/div>","protected":false},"excerpt":{"rendered":"<p>Dev D\u00e9connexion Tableau de bord Commandes Adresses Moyens de paiement D\u00e9tails du compte D\u00e9connexion Bonjour Dev (vous n\u2019\u00eates pas Dev\u00a0? D\u00e9connexion) \u00c0 partir du tableau de bord de votre compte, vous pouvez visualiser vos commandes r\u00e9centes, g\u00e9rer vos adresses de livraison et de facturation ainsi que changer votre mot de passe et les d\u00e9tails de [&hellip;]<\/p>\n","protected":false},"author":8,"featured_media":0,"parent":0,"menu_order":0,"comment_status":"closed","ping_status":"closed","template":"","meta":{"_acf_changed":false,"footnotes":""},"class_list":["post-18772","page","type-page","status-publish","hentry","entry","owp-thumbs-layout-horizontal","owp-btn-big","owp-tabs-layout-horizontal","has-no-thumbnails"],"acf":[],"aioseo_notices":[],"_links":{"self":[{"href":"https:\/\/lienou.fr\/en\/wp-json\/wp\/v2\/pages\/18772","targetHints":{"allow":["GET"]}}],"collection":[{"href":"https:\/\/lienou.fr\/en\/wp-json\/wp\/v2\/pages"}],"about":[{"href":"https:\/\/lienou.fr\/en\/wp-json\/wp\/v2\/types\/page"}],"author":[{"embeddable":true,"href":"https:\/\/lienou.fr\/en\/wp-json\/wp\/v2\/users\/8"}],"replies":[{"embeddable":true,"href":"https:\/\/lienou.fr\/en\/wp-json\/wp\/v2\/comments?post=18772"}],"version-history":[{"count":15,"href":"https:\/\/lienou.fr\/en\/wp-json\/wp\/v2\/pages\/18772\/revisions"}],"predecessor-version":[{"id":35142,"href":"https:\/\/lienou.fr\/en\/wp-json\/wp\/v2\/pages\/18772\/revisions\/35142"}],"wp:attachment":[{"href":"https:\/\/lienou.fr\/en\/wp-json\/wp\/v2\/media?parent=18772"}],"curies":[{"name":"wp","href":"https:\/\/api.w.org\/{rel}","templated":true}]}}