{"id":18516,"date":"2023-08-02T10:39:50","date_gmt":"2023-08-02T08:39:50","guid":{"rendered":"https:\/\/lienou.fr\/?post_type=product&#038;p=18516"},"modified":"2026-01-08T17:43:24","modified_gmt":"2026-01-08T16:43:24","slug":"seche-serviette-atlantic-serenis","status":"publish","type":"product","link":"https:\/\/lienou.fr\/en\/catalogues\/seche-serviette\/seche-serviette-atlantic-serenis\/","title":{"rendered":"Towel dryer Atlantic Serenis"},"content":{"rendered":"<div class=\"page\" title=\"Page 1\">\n<div class=\"section\">\n<div class=\"layoutArea\">\n<div class=\"column\">\n<p><strong>An assertive, colorful design<\/strong><\/p>\n<\/div>\n<\/div>\n<div class=\"layoutArea\">\n<div class=\"column\">\n<p>Transform your bathroom into a haven of warmth and comfort with our electric towel dryer. Equipped with a blower that lets you adjust to the desired temperature almost instantly, this towel dryer provides gentle, even heat while guaranteeing warm, fluffy towels at all times. With its elegant, discreet design, it blends in perfectly with your interior decor while adding a touch of luxury to your bathroom. Choose from a range of sizes and styles to find the ideal towel dryer for your space.<\/p>\n<\/div>\n<\/div>\n<\/div>\n<\/div>","protected":false},"excerpt":{"rendered":"<p>Un design affirme\u0301 en haut en couleurs Transformez votre salle de bains en un havre de chaleur et de confort avec notre s\u00e8che-serviettes \u00e9lectrique. \u00c9quip\u00e9s d\u2019une soufflerie qui vous permet presque instantan\u00e9ment d\u2019ajuster rapidement \u00e0 la temp\u00e9rature souhait\u00e9e, ce s\u00e8che-serviettes vous offre une chaleur douce et uniforme tout en vous garantissant des serviettes chaudes et [&hellip;]<\/p>\n","protected":false},"featured_media":34512,"comment_status":"open","ping_status":"closed","template":"","meta":{"_acf_changed":false},"product_brand":[],"product_cat":[450],"product_tag":[],"class_list":{"0":"post-18516","1":"product","2":"type-product","3":"status-publish","4":"has-post-thumbnail","6":"product_cat-seche-serviette","7":"tm-has-styled-variations","8":"tm-has-options","10":"entry","11":"has-media","13":"first","14":"outofstock","15":"taxable","16":"shipping-taxable","17":"purchasable","18":"product-type-variable","19":"has-default-attributes","20":"col","21":"span_1_of_3","22":"owp-content-center","23":"owp-thumbs-layout-horizontal","24":"owp-btn-big","25":"owp-tabs-layout-horizontal"},"acf":[],"aioseo_notices":[],"_links":{"self":[{"href":"https:\/\/lienou.fr\/en\/wp-json\/wp\/v2\/product\/18516","targetHints":{"allow":["GET"]}}],"collection":[{"href":"https:\/\/lienou.fr\/en\/wp-json\/wp\/v2\/product"}],"about":[{"href":"https:\/\/lienou.fr\/en\/wp-json\/wp\/v2\/types\/product"}],"replies":[{"embeddable":true,"href":"https:\/\/lienou.fr\/en\/wp-json\/wp\/v2\/comments?post=18516"}],"version-history":[{"count":9,"href":"https:\/\/lienou.fr\/en\/wp-json\/wp\/v2\/product\/18516\/revisions"}],"predecessor-version":[{"id":37444,"href":"https:\/\/lienou.fr\/en\/wp-json\/wp\/v2\/product\/18516\/revisions\/37444"}],"wp:featuredmedia":[{"embeddable":true,"href":"https:\/\/lienou.fr\/en\/wp-json\/wp\/v2\/media\/34512"}],"wp:attachment":[{"href":"https:\/\/lienou.fr\/en\/wp-json\/wp\/v2\/media?parent=18516"}],"wp:term":[{"taxonomy":"product_brand","embeddable":true,"href":"https:\/\/lienou.fr\/en\/wp-json\/wp\/v2\/product_brand?post=18516"},{"taxonomy":"product_cat","embeddable":true,"href":"https:\/\/lienou.fr\/en\/wp-json\/wp\/v2\/product_cat?post=18516"},{"taxonomy":"product_tag","embeddable":true,"href":"https:\/\/lienou.fr\/en\/wp-json\/wp\/v2\/product_tag?post=18516"}],"curies":[{"name":"wp","href":"https:\/\/api.w.org\/{rel}","templated":true}]}}