{"id":18535,"date":"2023-08-02T12:55:14","date_gmt":"2023-08-02T10:55:14","guid":{"rendered":"https:\/\/lienou.fr\/?post_type=product&#038;p=18535"},"modified":"2025-12-06T17:17:57","modified_gmt":"2025-12-06T16:17:57","slug":"baignoire-papua","status":"publish","type":"product","link":"https:\/\/lienou.fr\/en\/catalogues\/baignoire\/baignoire-papua\/","title":{"rendered":"Bathub Papua"},"content":{"rendered":"<p>Designed to harmonize with the space and specially adapted to handicrafts, our mineral-filled, solution-dyed resin trays offer a wide choice of colors and an incomparable aesthetic finish, enabling you to create bathrooms with an inimitable character.<\/p>\n<p><strong>Solid surface<\/strong><\/p>\n<p>Synthetic resin-based material for high surface finish and protection.<\/p>\n<table style=\"height: 105px;\" width=\"251\">\n<tbody>\n<tr>\n<th><strong>Capacity<\/strong><\/th>\n<th><strong>Dimensions<\/strong><\/th>\n<\/tr>\n<tr id=\"secondtr\">\n<td style=\"text-align: center;\">410 L<\/td>\n<td style=\"text-align: center;\">180 x 80 x 55 cm<\/td>\n<\/tr>\n<\/tbody>\n<\/table>\n<h3><\/h3>","protected":false},"excerpt":{"rendered":"<p>Con\u00e7us pour des r\u00e9alisations en harmonie avec l\u2019espace et sp\u00e9cialement adapt\u00e9s aux travaux artisanaux nos plateaux en r\u00e9sine teint\u00e9s dans la masse offrent gr\u00e2ce \u00e0 leur charge min\u00e9rale un large choix de couleur et un rendu esth\u00e9tique incomparable permettant de cr\u00e9er des salles de bains au caract\u00e8re inimitable. Surface solide Mat\u00e9riau \u00e0 base de r\u00e9sine [&hellip;]<\/p>\n","protected":false},"featured_media":34617,"comment_status":"open","ping_status":"closed","template":"","meta":{"_acf_changed":false},"product_brand":[],"product_cat":[451],"product_tag":[],"class_list":{"0":"post-18535","1":"product","2":"type-product","3":"status-publish","4":"has-post-thumbnail","6":"product_cat-baignoire","7":"tm-no-options","9":"entry","10":"has-media","12":"first","13":"instock","14":"taxable","15":"shipping-taxable","16":"purchasable","17":"product-type-simple","18":"col","19":"span_1_of_3","20":"owp-content-center","21":"owp-thumbs-layout-horizontal","22":"owp-btn-big","23":"owp-tabs-layout-horizontal"},"acf":[],"aioseo_notices":[],"_links":{"self":[{"href":"https:\/\/lienou.fr\/en\/wp-json\/wp\/v2\/product\/18535","targetHints":{"allow":["GET"]}}],"collection":[{"href":"https:\/\/lienou.fr\/en\/wp-json\/wp\/v2\/product"}],"about":[{"href":"https:\/\/lienou.fr\/en\/wp-json\/wp\/v2\/types\/product"}],"replies":[{"embeddable":true,"href":"https:\/\/lienou.fr\/en\/wp-json\/wp\/v2\/comments?post=18535"}],"version-history":[{"count":6,"href":"https:\/\/lienou.fr\/en\/wp-json\/wp\/v2\/product\/18535\/revisions"}],"predecessor-version":[{"id":38230,"href":"https:\/\/lienou.fr\/en\/wp-json\/wp\/v2\/product\/18535\/revisions\/38230"}],"wp:featuredmedia":[{"embeddable":true,"href":"https:\/\/lienou.fr\/en\/wp-json\/wp\/v2\/media\/34617"}],"wp:attachment":[{"href":"https:\/\/lienou.fr\/en\/wp-json\/wp\/v2\/media?parent=18535"}],"wp:term":[{"taxonomy":"product_brand","embeddable":true,"href":"https:\/\/lienou.fr\/en\/wp-json\/wp\/v2\/product_brand?post=18535"},{"taxonomy":"product_cat","embeddable":true,"href":"https:\/\/lienou.fr\/en\/wp-json\/wp\/v2\/product_cat?post=18535"},{"taxonomy":"product_tag","embeddable":true,"href":"https:\/\/lienou.fr\/en\/wp-json\/wp\/v2\/product_tag?post=18535"}],"curies":[{"name":"wp","href":"https:\/\/api.w.org\/{rel}","templated":true}]}}