{"id":18544,"date":"2023-08-02T13:22:05","date_gmt":"2023-08-02T11:22:05","guid":{"rendered":"https:\/\/lienou.fr\/?post_type=product&#038;p=18544"},"modified":"2025-12-06T17:17:57","modified_gmt":"2025-12-06T16:17:57","slug":"baignoire-elda","status":"publish","type":"product","link":"https:\/\/lienou.fr\/en\/catalogues\/baignoire\/baignoire-elda\/","title":{"rendered":"Bathub Elda"},"content":{"rendered":"<p>Discover the sleek resin freestanding bathtub, a true centerpiece for your modern bathroom. Its minimalist silhouette and soft lines offer an elegant, contemporary aesthetic. Made from high-quality resin, it is exceptionally resistant to scratches and stains. Its smooth Gel Caot*-coated surface is non-porous, easy to clean and guarantees optimum hygiene.<\/p>\n<p><strong>Gel Coat<\/strong><\/p>\n<p>Synthetic resin-based material for high surface finish and protection.<\/p>\n<table style=\"height: 105px;\" width=\"251\">\n<tbody>\n<tr>\n<th><strong>Capacity<\/strong><\/th>\n<th><strong>Dimensions<\/strong><\/th>\n<\/tr>\n<tr id=\"secondtr\">\n<td style=\"text-align: center;\">410 L<\/td>\n<td style=\"text-align: center;\">175 x 75 x 55 cm<\/td>\n<\/tr>\n<\/tbody>\n<\/table>\n<p>&nbsp;<\/p>","protected":false},"excerpt":{"rendered":"<p>Baignoire en r\u00e9sine, id\u00e9ale pour une salle de bains moderne. R\u00e9sistante, \u00e9l\u00e9gante, et facile \u00e0 nettoyer avec sa surface Gel Coat.<\/p>","protected":false},"featured_media":34610,"comment_status":"open","ping_status":"closed","template":"","meta":{"_acf_changed":false},"product_brand":[],"product_cat":[451],"product_tag":[],"class_list":{"0":"post-18544","1":"product","2":"type-product","3":"status-publish","4":"has-post-thumbnail","6":"product_cat-baignoire","7":"tm-no-options","9":"entry","10":"has-media","12":"first","13":"instock","14":"taxable","15":"shipping-taxable","16":"purchasable","17":"product-type-simple","18":"col","19":"span_1_of_3","20":"owp-content-center","21":"owp-thumbs-layout-horizontal","22":"owp-btn-big","23":"owp-tabs-layout-horizontal"},"acf":[],"aioseo_notices":[],"_links":{"self":[{"href":"https:\/\/lienou.fr\/en\/wp-json\/wp\/v2\/product\/18544","targetHints":{"allow":["GET"]}}],"collection":[{"href":"https:\/\/lienou.fr\/en\/wp-json\/wp\/v2\/product"}],"about":[{"href":"https:\/\/lienou.fr\/en\/wp-json\/wp\/v2\/types\/product"}],"replies":[{"embeddable":true,"href":"https:\/\/lienou.fr\/en\/wp-json\/wp\/v2\/comments?post=18544"}],"version-history":[{"count":15,"href":"https:\/\/lienou.fr\/en\/wp-json\/wp\/v2\/product\/18544\/revisions"}],"predecessor-version":[{"id":38226,"href":"https:\/\/lienou.fr\/en\/wp-json\/wp\/v2\/product\/18544\/revisions\/38226"}],"wp:featuredmedia":[{"embeddable":true,"href":"https:\/\/lienou.fr\/en\/wp-json\/wp\/v2\/media\/34610"}],"wp:attachment":[{"href":"https:\/\/lienou.fr\/en\/wp-json\/wp\/v2\/media?parent=18544"}],"wp:term":[{"taxonomy":"product_brand","embeddable":true,"href":"https:\/\/lienou.fr\/en\/wp-json\/wp\/v2\/product_brand?post=18544"},{"taxonomy":"product_cat","embeddable":true,"href":"https:\/\/lienou.fr\/en\/wp-json\/wp\/v2\/product_cat?post=18544"},{"taxonomy":"product_tag","embeddable":true,"href":"https:\/\/lienou.fr\/en\/wp-json\/wp\/v2\/product_tag?post=18544"}],"curies":[{"name":"wp","href":"https:\/\/api.w.org\/{rel}","templated":true}]}}