{"id":18546,"date":"2023-08-02T13:28:37","date_gmt":"2023-08-02T11:28:37","guid":{"rendered":"https:\/\/lienou.fr\/?post_type=product&#038;p=18546"},"modified":"2025-12-06T09:34:32","modified_gmt":"2025-12-06T08:34:32","slug":"vasque-manila","status":"publish","type":"product","link":"https:\/\/lienou.fr\/en\/catalogues\/vasque-a-poser\/vasque-manila\/","title":{"rendered":"Standing bassin Manila"},"content":{"rendered":"<p>Designed to harmonize with the space and specially adapted to handicrafts, our mineral-filled, solution-dyed resin trays offer a wide choice of colors and an incomparable aesthetic finish, enabling you to create bathrooms with an inimitable character.<\/p>\n<p><strong>Solid surface<\/strong><\/p>\n<p>A high-end composite material with properties very similar to natural stone. It is particularly well suited to damp rooms.<\/p>\n<p><strong>Dimensions<\/strong><\/p>\n<p>38 \u00d8 x 12 cm<\/p>","protected":false},"excerpt":{"rendered":"<p>Con\u00e7us pour des r\u00e9alisations en harmonie avec l&rsquo;espace et sp\u00e9cialement adapt\u00e9s aux travaux artisanaux nos plateaux en r\u00e9sine teint\u00e9s dans la masse offrent gr\u00e2ce \u00e0 leur charge min\u00e9rale un large choix de couleur et un rendu esth\u00e9tique incomparable permettant de cr\u00e9er des salles de bains au caract\u00e8re inimitable. Surface solide Mat\u00e9riau composite haut de gamme [&hellip;]<\/p>\n","protected":false},"featured_media":34599,"comment_status":"open","ping_status":"closed","template":"","meta":{"_acf_changed":false},"product_brand":[],"product_cat":[453],"product_tag":[],"class_list":{"0":"post-18546","1":"product","2":"type-product","3":"status-publish","4":"has-post-thumbnail","6":"product_cat-vasque-a-poser","7":"tm-has-options","9":"entry","10":"has-media","12":"first","13":"instock","14":"taxable","15":"shipping-taxable","16":"purchasable","17":"product-type-simple","18":"col","19":"span_1_of_3","20":"owp-content-center","21":"owp-thumbs-layout-horizontal","22":"owp-btn-big","23":"owp-tabs-layout-horizontal"},"acf":[],"aioseo_notices":[],"_links":{"self":[{"href":"https:\/\/lienou.fr\/en\/wp-json\/wp\/v2\/product\/18546","targetHints":{"allow":["GET"]}}],"collection":[{"href":"https:\/\/lienou.fr\/en\/wp-json\/wp\/v2\/product"}],"about":[{"href":"https:\/\/lienou.fr\/en\/wp-json\/wp\/v2\/types\/product"}],"replies":[{"embeddable":true,"href":"https:\/\/lienou.fr\/en\/wp-json\/wp\/v2\/comments?post=18546"}],"version-history":[{"count":5,"href":"https:\/\/lienou.fr\/en\/wp-json\/wp\/v2\/product\/18546\/revisions"}],"predecessor-version":[{"id":38238,"href":"https:\/\/lienou.fr\/en\/wp-json\/wp\/v2\/product\/18546\/revisions\/38238"}],"wp:featuredmedia":[{"embeddable":true,"href":"https:\/\/lienou.fr\/en\/wp-json\/wp\/v2\/media\/34599"}],"wp:attachment":[{"href":"https:\/\/lienou.fr\/en\/wp-json\/wp\/v2\/media?parent=18546"}],"wp:term":[{"taxonomy":"product_brand","embeddable":true,"href":"https:\/\/lienou.fr\/en\/wp-json\/wp\/v2\/product_brand?post=18546"},{"taxonomy":"product_cat","embeddable":true,"href":"https:\/\/lienou.fr\/en\/wp-json\/wp\/v2\/product_cat?post=18546"},{"taxonomy":"product_tag","embeddable":true,"href":"https:\/\/lienou.fr\/en\/wp-json\/wp\/v2\/product_tag?post=18546"}],"curies":[{"name":"wp","href":"https:\/\/api.w.org\/{rel}","templated":true}]}}