{"id":18548,"date":"2023-08-02T13:30:05","date_gmt":"2023-08-02T11:30:05","guid":{"rendered":"https:\/\/lienou.fr\/?post_type=product&#038;p=18548"},"modified":"2025-12-06T09:34:32","modified_gmt":"2025-12-06T08:34:32","slug":"vasque-bora-bora","status":"publish","type":"product","link":"https:\/\/lienou.fr\/en\/catalogues\/vasque-a-poser\/vasque-bora-bora\/","title":{"rendered":"Standing bassin Bora Bora"},"content":{"rendered":"<p>Con\u00e7us pour des r\u00e9alisations en harmonie avec l&rsquo;espace et sp\u00e9cialement adapt\u00e9s aux travaux artisanaux nos vasques en r\u00e9sine sont teint\u00e9s dans la masse offrent gr\u00e2ce \u00e0 leur charge min\u00e9rale un large choix de couleur et un rendu esth\u00e9tique incomparable permettant de cr\u00e9er des salles de bains au caract\u00e8re inimitable.<\/p>\n<p><strong>Solid surface<\/strong><\/p>\n<p>A high-end composite material with properties very similar to natural stone. It is particularly well suited to damp rooms.<\/p>\n<p><strong>Dimensions<\/strong><\/p>\n<p>40 \u00d8 x 10 cm<\/p>","protected":false},"excerpt":{"rendered":"<p>Con\u00e7us pour des r\u00e9alisations en harmonie avec l&rsquo;espace et sp\u00e9cialement adapt\u00e9s aux travaux artisanaux nos vasques en r\u00e9sine sont teint\u00e9s dans la masse offrent gr\u00e2ce \u00e0 leur charge min\u00e9rale un large choix de couleur et un rendu esth\u00e9tique incomparable permettant de cr\u00e9er des salles de bains au caract\u00e8re inimitable. Surface solide Mat\u00e9riau composite haut de [&hellip;]<\/p>\n","protected":false},"featured_media":34590,"comment_status":"open","ping_status":"closed","template":"","meta":{"_acf_changed":false},"product_brand":[],"product_cat":[453],"product_tag":[],"class_list":{"0":"post-18548","1":"product","2":"type-product","3":"status-publish","4":"has-post-thumbnail","6":"product_cat-vasque-a-poser","7":"tm-no-options","9":"entry","10":"has-media","12":"first","13":"instock","14":"featured","15":"taxable","16":"shipping-taxable","17":"purchasable","18":"product-type-simple","19":"col","20":"span_1_of_3","21":"owp-content-center","22":"owp-thumbs-layout-horizontal","23":"owp-btn-big","24":"owp-tabs-layout-horizontal"},"acf":[],"aioseo_notices":[],"_links":{"self":[{"href":"https:\/\/lienou.fr\/en\/wp-json\/wp\/v2\/product\/18548","targetHints":{"allow":["GET"]}}],"collection":[{"href":"https:\/\/lienou.fr\/en\/wp-json\/wp\/v2\/product"}],"about":[{"href":"https:\/\/lienou.fr\/en\/wp-json\/wp\/v2\/types\/product"}],"replies":[{"embeddable":true,"href":"https:\/\/lienou.fr\/en\/wp-json\/wp\/v2\/comments?post=18548"}],"version-history":[{"count":8,"href":"https:\/\/lienou.fr\/en\/wp-json\/wp\/v2\/product\/18548\/revisions"}],"predecessor-version":[{"id":39051,"href":"https:\/\/lienou.fr\/en\/wp-json\/wp\/v2\/product\/18548\/revisions\/39051"}],"wp:featuredmedia":[{"embeddable":true,"href":"https:\/\/lienou.fr\/en\/wp-json\/wp\/v2\/media\/34590"}],"wp:attachment":[{"href":"https:\/\/lienou.fr\/en\/wp-json\/wp\/v2\/media?parent=18548"}],"wp:term":[{"taxonomy":"product_brand","embeddable":true,"href":"https:\/\/lienou.fr\/en\/wp-json\/wp\/v2\/product_brand?post=18548"},{"taxonomy":"product_cat","embeddable":true,"href":"https:\/\/lienou.fr\/en\/wp-json\/wp\/v2\/product_cat?post=18548"},{"taxonomy":"product_tag","embeddable":true,"href":"https:\/\/lienou.fr\/en\/wp-json\/wp\/v2\/product_tag?post=18548"}],"curies":[{"name":"wp","href":"https:\/\/api.w.org\/{rel}","templated":true}]}}