{"id":37786,"date":"2024-06-08T15:18:09","date_gmt":"2024-06-08T13:18:09","guid":{"rendered":"https:\/\/lienou.fr\/?post_type=product&#038;p=37786"},"modified":"2025-12-06T17:17:57","modified_gmt":"2025-12-06T16:17:57","slug":"onda","status":"publish","type":"product","link":"https:\/\/lienou.fr\/en\/catalogues\/plan-vasque\/onda\/","title":{"rendered":"Wash bassin Onda"},"content":{"rendered":"<p><span style=\"vertical-align: inherit;\"><span style=\"vertical-align: inherit;\"><span style=\"vertical-align: inherit;\"><span style=\"vertical-align: inherit;\">Designed to harmonize with the space and specially adapted to handicrafts, our mineral-filled, solution-dyed resin trays offer a wide choice of colors and an incomparable aesthetic finish, enabling you to create bathrooms with an inimitable character.<\/span><\/span><\/span><\/span><\/p>\n<p><strong><span style=\"vertical-align: inherit;\"><span style=\"vertical-align: inherit;\"><span style=\"vertical-align: inherit;\"><span style=\"vertical-align: inherit;\">Solid surface<\/span><\/span><\/span><\/span><\/strong><\/p>\n<p><span style=\"vertical-align: inherit;\"><span style=\"vertical-align: inherit;\"><span style=\"vertical-align: inherit;\"><span style=\"vertical-align: inherit;\">A high-end composite material with properties very similar to natural stone. <\/span><\/span><\/span><span style=\"vertical-align: inherit;\"><span style=\"vertical-align: inherit;\"><span style=\"vertical-align: inherit;\">Il est particuli\u00e8rement bien adapt\u00e9 aux pi\u00e8ces humides.<\/span><\/span><\/span><\/span><\/p>","protected":false},"excerpt":{"rendered":"<p>Con\u00e7us pour des r\u00e9alisations en harmonie avec l&rsquo;espace et sp\u00e9cialement adapt\u00e9s aux travaux artisanaux nos plateaux en r\u00e9sine teint\u00e9s dans la masse offrent gr\u00e2ce \u00e0 leur charge min\u00e9rale un large choix de couleur et un rendu esth\u00e9tique incomparable permettant de cr\u00e9er des salles de bains au caract\u00e8re inimitable. Surface solide Mat\u00e9riau composite haut de gamme [&hellip;]<\/p>\n","protected":false},"featured_media":34569,"comment_status":"open","ping_status":"closed","template":"","meta":{"_acf_changed":false},"product_brand":[],"product_cat":[29],"product_tag":[],"class_list":{"0":"post-37786","1":"product","2":"type-product","3":"status-publish","4":"has-post-thumbnail","6":"product_cat-plan-vasque","7":"tm-has-styled-variations","8":"tm-has-options","10":"entry","11":"has-media","13":"first","14":"instock","15":"featured","16":"taxable","17":"shipping-taxable","18":"purchasable","19":"product-type-variable","20":"has-default-attributes","21":"col","22":"span_1_of_3","23":"owp-content-center","24":"owp-thumbs-layout-horizontal","25":"owp-btn-big","26":"owp-tabs-layout-horizontal"},"acf":[],"aioseo_notices":[],"_links":{"self":[{"href":"https:\/\/lienou.fr\/en\/wp-json\/wp\/v2\/product\/37786","targetHints":{"allow":["GET"]}}],"collection":[{"href":"https:\/\/lienou.fr\/en\/wp-json\/wp\/v2\/product"}],"about":[{"href":"https:\/\/lienou.fr\/en\/wp-json\/wp\/v2\/types\/product"}],"replies":[{"embeddable":true,"href":"https:\/\/lienou.fr\/en\/wp-json\/wp\/v2\/comments?post=37786"}],"version-history":[{"count":5,"href":"https:\/\/lienou.fr\/en\/wp-json\/wp\/v2\/product\/37786\/revisions"}],"predecessor-version":[{"id":38252,"href":"https:\/\/lienou.fr\/en\/wp-json\/wp\/v2\/product\/37786\/revisions\/38252"}],"wp:featuredmedia":[{"embeddable":true,"href":"https:\/\/lienou.fr\/en\/wp-json\/wp\/v2\/media\/34569"}],"wp:attachment":[{"href":"https:\/\/lienou.fr\/en\/wp-json\/wp\/v2\/media?parent=37786"}],"wp:term":[{"taxonomy":"product_brand","embeddable":true,"href":"https:\/\/lienou.fr\/en\/wp-json\/wp\/v2\/product_brand?post=37786"},{"taxonomy":"product_cat","embeddable":true,"href":"https:\/\/lienou.fr\/en\/wp-json\/wp\/v2\/product_cat?post=37786"},{"taxonomy":"product_tag","embeddable":true,"href":"https:\/\/lienou.fr\/en\/wp-json\/wp\/v2\/product_tag?post=37786"}],"curies":[{"name":"wp","href":"https:\/\/api.w.org\/{rel}","templated":true}]}}