{"id":42444,"date":"2025-09-05T02:48:06","date_gmt":"2025-09-05T00:48:06","guid":{"rendered":"https:\/\/lienou.fr\/?post_type=product&#038;p=42444"},"modified":"2026-02-02T22:10:05","modified_gmt":"2026-02-02T21:10:05","slug":"receveur-de-douche-recoupable-finition-beton-cire-milan","status":"publish","type":"product","link":"https:\/\/lienou.fr\/en\/catalogues\/receveur-de-douche\/resine-minerale\/receveur-de-douche-recoupable-finition-beton-cire-milan\/","title":{"rendered":"Receveur de Douche Recoupable, Finition B\u00e9ton Cir\u00e9  \u2014 Milan"},"content":{"rendered":"<h3 class=\"\" data-start=\"215\" data-end=\"293\"><strong data-start=\"219\" data-end=\"293\">Receveur de douche extra-plat \u2013 Minimalisme, accessibilit\u00e9 et s\u00e9curit\u00e9<\/strong><\/h3>\n<p class=\"\" data-start=\"295\" data-end=\"617\">Id\u00e9al pour une <strong data-start=\"310\" data-end=\"360\">douche \u00e0 l\u2019italienne ou un acc\u00e8s de plain-pied<\/strong>, ce <strong data-start=\"365\" data-end=\"398\">receveur de douche extra-plat<\/strong> combine <strong data-start=\"407\" data-end=\"425\">design moderne<\/strong> et <strong data-start=\"429\" data-end=\"456\">fonctionnalit\u00e9 optimale<\/strong>. Avec une <strong data-start=\"467\" data-end=\"486\">hauteur r\u00e9duite<\/strong>, il cr\u00e9e une transition fluide entre l\u2019espace douche et le sol, tout en apportant une <strong data-start=\"573\" data-end=\"594\">esth\u00e9tique \u00e9pur\u00e9e<\/strong> \u00e0 votre salle de bain.<\/p>\n<p class=\"\" data-start=\"619\" data-end=\"864\">Con\u00e7u en <strong data-start=\"628\" data-end=\"671\">r\u00e9sine renforc\u00e9e avec charges min\u00e9rales<\/strong>, il offre une <strong data-start=\"686\" data-end=\"708\">robustesse durable<\/strong>, une <strong data-start=\"714\" data-end=\"744\">bonne r\u00e9sistance aux chocs<\/strong> et une <strong data-start=\"752\" data-end=\"777\">finiton haut de gamme<\/strong>. Sa <strong data-start=\"782\" data-end=\"807\">surface antid\u00e9rapante<\/strong> assure une <strong data-start=\"819\" data-end=\"840\">s\u00e9curit\u00e9 maximale<\/strong>, m\u00eame en milieu humide.<\/p>\n<p class=\"\" data-start=\"866\" data-end=\"1109\"><strong data-start=\"868\" data-end=\"890\">Facile \u00e0 installer<\/strong> en neuf comme en r\u00e9novation<br data-start=\"918\" data-end=\"921\" \/><strong data-start=\"923\" data-end=\"960\">Disponible en plusieurs Finitions<\/strong> (ardoise, granit, spatul\u00e9e) et <strong data-start=\"992\" data-end=\"1012\">coloris tendance<\/strong><br data-start=\"1012\" data-end=\"1015\" \/><strong data-start=\"1017\" data-end=\"1069\">Compatible avec tous les styles de salle de bain<\/strong>, du plus classique au plus contemporain<\/p>\n<p class=\"\" data-start=\"1111\" data-end=\"1229\">Un receveur aussi pratique qu\u2019\u00e9l\u00e9gant, pens\u00e9 pour le <strong data-start=\"1164\" data-end=\"1188\">confort au quotidien<\/strong> et les <strong data-start=\"1196\" data-end=\"1228\">espaces modernes accessibles<\/strong>.<\/p>\n<ul>\n<li>Resin and mineral fillers<\/li>\n<li>Solid color<\/li>\n<li>Tolerance threshold 0'3% slope<\/li>\n<li>Gel Coat surface for high resistance<\/li>\n<\/ul>","protected":false},"excerpt":{"rendered":"<p>Receveur de douche extra-plat \u2013 Minimalisme, accessibilit\u00e9 et s\u00e9curit\u00e9 Id\u00e9al pour une douche \u00e0 l\u2019italienne ou un acc\u00e8s de plain-pied, ce receveur de douche extra-plat combine design moderne et fonctionnalit\u00e9 optimale. Avec une hauteur r\u00e9duite, il cr\u00e9e une transition fluide entre l\u2019espace douche et le sol, tout en apportant une esth\u00e9tique \u00e9pur\u00e9e \u00e0 votre salle [&hellip;]<\/p>\n","protected":false},"featured_media":34538,"comment_status":"open","ping_status":"closed","template":"","meta":{"_acf_changed":false},"product_brand":[],"product_cat":[456,845],"product_tag":[844],"class_list":{"0":"post-42444","1":"product","2":"type-product","3":"status-publish","4":"has-post-thumbnail","6":"product_cat-receveur-de-douche","7":"product_cat-resine-minerale","8":"product_tag-resine","9":"tm-has-options","11":"entry","12":"has-media","14":"first","15":"instock","16":"featured","17":"taxable","18":"shipping-taxable","19":"purchasable","20":"product-type-variable","21":"col","22":"span_1_of_3","23":"owp-content-center","24":"owp-thumbs-layout-horizontal","25":"owp-btn-big","26":"owp-tabs-layout-horizontal"},"acf":[],"aioseo_notices":[],"_links":{"self":[{"href":"https:\/\/lienou.fr\/en\/wp-json\/wp\/v2\/product\/42444","targetHints":{"allow":["GET"]}}],"collection":[{"href":"https:\/\/lienou.fr\/en\/wp-json\/wp\/v2\/product"}],"about":[{"href":"https:\/\/lienou.fr\/en\/wp-json\/wp\/v2\/types\/product"}],"replies":[{"embeddable":true,"href":"https:\/\/lienou.fr\/en\/wp-json\/wp\/v2\/comments?post=42444"}],"version-history":[{"count":2,"href":"https:\/\/lienou.fr\/en\/wp-json\/wp\/v2\/product\/42444\/revisions"}],"predecessor-version":[{"id":43041,"href":"https:\/\/lienou.fr\/en\/wp-json\/wp\/v2\/product\/42444\/revisions\/43041"}],"wp:featuredmedia":[{"embeddable":true,"href":"https:\/\/lienou.fr\/en\/wp-json\/wp\/v2\/media\/34538"}],"wp:attachment":[{"href":"https:\/\/lienou.fr\/en\/wp-json\/wp\/v2\/media?parent=42444"}],"wp:term":[{"taxonomy":"product_brand","embeddable":true,"href":"https:\/\/lienou.fr\/en\/wp-json\/wp\/v2\/product_brand?post=42444"},{"taxonomy":"product_cat","embeddable":true,"href":"https:\/\/lienou.fr\/en\/wp-json\/wp\/v2\/product_cat?post=42444"},{"taxonomy":"product_tag","embeddable":true,"href":"https:\/\/lienou.fr\/en\/wp-json\/wp\/v2\/product_tag?post=42444"}],"curies":[{"name":"wp","href":"https:\/\/api.w.org\/{rel}","templated":true}]}}