{"id":18472,"date":"2023-08-01T12:39:29","date_gmt":"2023-08-01T10:39:29","guid":{"rendered":"https:\/\/lienou.fr\/?page_id=18472"},"modified":"2024-08-20T11:23:47","modified_gmt":"2024-08-20T09:23:47","slug":"mentions-legales","status":"publish","type":"page","link":"https:\/\/lienou.fr\/fr\/mentions-legales\/","title":{"rendered":"Mentions l\u00e9gales"},"content":{"rendered":"\t\t<div data-elementor-type=\"wp-page\" data-elementor-id=\"18472\" class=\"elementor elementor-18472\" data-elementor-settings=\"{&quot;ha_cmc_init_switcher&quot;:&quot;no&quot;}\" data-elementor-post-type=\"page\">\n\t\t\t\t<div class=\"elementor-element elementor-element-a8c3b67 e-flex e-con-boxed e-con e-parent\" data-id=\"a8c3b67\" data-element_type=\"container\" data-e-type=\"container\">\n\t\t\t\t\t<div class=\"e-con-inner\">\n\t\t\t\t<div class=\"elementor-element elementor-element-881f496 elementor-widget elementor-widget-text-editor\" data-id=\"881f496\" data-element_type=\"widget\" data-e-type=\"widget\" data-widget_type=\"text-editor.default\">\n\t\t\t\t<div class=\"elementor-widget-container\">\n\t\t\t\t\t\t\t\t\t<p>[ Mise \u00e0 jour du 01\/03\/2024 ]<\/p><p>En vertu de l\u2019article 6 de la loi n\u00b0 2004-575 du 21 juin 2004 pour la confiance dans l\u2019\u00e9conomie num\u00e9rique, il est pr\u00e9cis\u00e9 aux utilisateurs du site internet lienou.com l\u2019identit\u00e9 des diff\u00e9rents intervenants dans le cadre de sa r\u00e9alisation et de son suivi :<\/p><h2>1. Identification<\/h2><p>Li\u00e9nou est une marque commerciale utilis\u00e9e par <strong>Li\u00e9nou Store SAS<\/strong>. L\u2019\u00e9dition et la direction de la publication du site lienou.fr est la soci\u00e9t\u00e9 <strong>Li\u00e9nou Store SAS<\/strong> au capital 2 000 euros. <br \/><strong>Si\u00e8ge Social<\/strong> : 61 rue de Lyon. <br \/><strong>Immatriculation<\/strong> : R.C.S de Paris sous le num\u00e9ro 932 030 224. <br \/><strong>Responsable publication<\/strong> : Ly\u00e9 Lanoizelet. <br \/>Vous pouvez \u00e9galement nous contacter \u00e0 l\u2019adresse e-mail : contact@lienou.fr.<\/p><h2>2.H\u00e9bergeur &amp; fournisseur de domaine<\/h2><p>H\u00e9bergeur: HOSTINGER operations, UAB <br \/>Si\u00e8ge sociale: \u0160vitrigailos str. 34, Vilnius 03230 Lithuania <br \/>T\u00e9l\u00e9phone: +37064503378 <br \/>E-mail: domains@hostinger.com<\/p><h2>3.Propri\u00e9t\u00e9 intellectuelle<\/h2><p>Toute reproduction ou repr\u00e9sentation totale ou partielle du Site ou de tout ou partie des \u00e9l\u00e9ments se trouvant sur le site www.lienou.fr est strictement interdite. Tous les droits de reproduction et de repr\u00e9sentation sont r\u00e9serv\u00e9s. Tout le contenu pr\u00e9sent ou rendu disponible \u00e0 travers les Services Li\u00e9nou, tels que les textes, les graphiques, les marques, les logos, les signes, les boutons, les images, les morceaux de musique, les t\u00e9l\u00e9chargements num\u00e9riques, et les compilations de donn\u00e9es, est la propri\u00e9t\u00e9 de Li\u00e9nou , de ses soci\u00e9t\u00e9s affili\u00e9es ou de ses fournisseurs de contenu et est prot\u00e9g\u00e9 par le droit fran\u00e7ais et international de la propri\u00e9t\u00e9 intellectuelle, d\u2019auteur et de protection des bases de donn\u00e9es. Vous ne devez pas extraire et\/ou r\u00e9utiliser de fa\u00e7on syst\u00e9matique des parties du contenu de tout Service Li\u00e9nou sans notre autorisation expresse et \u00e9crite. En particulier, vous ne devez pas utiliser de robot d\u2019aspiration de donn\u00e9es, ou tout autre outil similaire de collecte ou d\u2019extraction de donn\u00e9es pour extraire (en une ou plusieurs fois), pour r\u00e9utiliser une partie substantielle d\u2019un quelconque Service Li\u00e9nou, sans notre accord express et \u00e9crit. Vous ne devez pas non plus cr\u00e9er et\/ou publier vos propres bases de donn\u00e9es qui comporteraient des parties substantielles (ex. : nos prix et nos listes de produits) d\u2019un Service Li\u00e9nou sans notre accord express et \u00e9crit.<\/p><p>Toutes reproductions et repr\u00e9sentations sont soumises \u00e0 l\u2019accord expr\u00e8s et pr\u00e9alable Li\u00e9nou. L\u2019Utilisateur doit solliciter l\u2019autorisation pr\u00e9alable du site pour toute reproduction, publication, copie de diff\u00e9rents contenus. Il s\u2019engage \u00e0 une utilisation des contenus du site dans un cadre strictement priv\u00e9, toute utilisation \u00e0 des fins commerciales et publicitaires est strictement interdite. Toute repr\u00e9sentation totale ou partielle de ce site par quelque proc\u00e9d\u00e9 que ce soit, sans l\u2019autorisation expresse de l\u2019exploitant du site Internet constituerait une contrefa\u00e7on sanctionn\u00e9e par l\u2019article L 335-2 et suivants du Code de la propri\u00e9t\u00e9 intellectuelle. Il est rappel\u00e9 conform\u00e9ment \u00e0 l\u2019article L122-5 du Code de propri\u00e9t\u00e9 intellectuelle que l\u2019Utilisateur qui reproduit, copie ou publie le contenu prot\u00e9g\u00e9 doit citer l\u2019auteur et sa source. Le non-respect de cette obligation constitue une contrefa\u00e7on engageant la responsabilit\u00e9 civile et p\u00e9nale de son auteur. De m\u00eame, il est strictement interdit d\u2019utiliser ou de reproduire le nom de Li\u00e9nou et son logo, \u00e0 quelque titre que ce soit, et sur quelque support que ce soit, sans l\u2019accord pr\u00e9alable et \u00e9crit de Li\u00e9nou. Les images, noms de domaines, produits, textes ou plus g\u00e9n\u00e9ralement toute information objet de droits de propri\u00e9t\u00e9 intellectuelle sont et restent la propri\u00e9t\u00e9 exclusive de Li\u00e9nou. Aucune cession de droits de propri\u00e9t\u00e9 intellectuelle n\u2019est r\u00e9alis\u00e9e au travers des pr\u00e9sentes CGV. Pour toute question relative \u00e0 l\u2019application des pr\u00e9sentes CGV, vous pouvez joindre l\u2019\u00e9diteur aux coordonn\u00e9es inscrites \u00e0 l\u2019Article 1.<\/p><h2>4.Acc\u00e8s au site<\/h2><p>Le site lienou.fr permet \u00e0 l\u2019Utilisateur un acc\u00e8s gratuit aux services de \u00e0 vente \u00e0 distance de produits et de services. Le site est accessible gratuitement en tout lieu \u00e0 tout Utilisateur ayant un acc\u00e8s \u00e0 Internet. Tous les frais support\u00e9s par l\u2019Utilisateur pour acc\u00e9der au service (mat\u00e9riel informatique, logiciels, connexion Internet, etc.) sont \u00e0 sa charge.<\/p><h2>5.Cookies<\/h2><p>L\u2019Utilisateur est inform\u00e9 que lors de ses visites sur le site, un cookie peut s\u2019installer automatiquement sur son logiciel de navigation. Les cookies sont de petits fichiers stock\u00e9s temporairement sur le disque dur de l\u2019ordinateur de l\u2019Utilisateur par votre navigateur et qui sont n\u00e9cessaires \u00e0 l\u2019utilisation du site lienou.fr. Les cookies ne contiennent pas d\u2019information personnelle et ne peuvent pas \u00eatre utilis\u00e9s pour identifier quelqu\u2019un. Un cookie contient un identifiant unique, g\u00e9n\u00e9r\u00e9 al\u00e9atoirement et donc anonyme. Certains cookies expirent \u00e0 la fin de la visite de l\u2019Utilisateur, d\u2019autres restent. L\u2019information contenue dans les cookies est utilis\u00e9e pour am\u00e9liorer le site www.lienou.fr.<\/p><p>En naviguant sur le site, l\u2019Utilisateur les accepte. L\u2019Utilisateur doit toutefois donner son consentement quant \u00e0 l\u2019utilisation de certains cookies. \u00c0 d\u00e9faut d\u2019acceptation, l\u2019Utilisateur est inform\u00e9 que certaines fonctionnalit\u00e9s ou pages risquent de lui \u00eatre refus\u00e9es. L\u2019Utilisateur pourra d\u00e9sactiver ces cookies par l\u2019interm\u00e9diaire des param\u00e8tres figurant au sein de son logiciel de navigation.<\/p><p>Le client peut refuser l\u2019utilisation de ces informations pour toute communication commerciale, sur simple demande. Pour naviguer sur le Site, le client doit avoir param\u00e9tr\u00e9 son navigateur pour qu\u2019il accepte les \u00ab\u2009cookies session\u2009\u00bb ou \u00ab\u2009cookies temporaires\u2009\u00bb qui ont pour but d\u2019optimiser la navigation sur Site et sont d\u00e9truits d\u00e8s la fin de la visite du client. Il ne s\u2019agit pas de \u00ab\u2009cookies persistants\u2009\u00bb dont Li\u00e9nou s\u2019interdit l\u2019usage.<\/p><h2>6.Collecte des donn\u00e9es<\/h2><p>Li\u00e9nou s\u2019implique \u00e0 prot\u00e9ger les informations personnelles des utilisateurs de leurs propri\u00e9t\u00e9s web. Lorsque vous utilisez une propri\u00e9t\u00e9 web de Li\u00e9nou, il est possible que des donn\u00e9es anonymes et\/ou personnelles soient collect\u00e9es afin de vous offrir en retour la meilleure exp\u00e9rience possible. Nous souhaitons vous informer \u00e0 propos de nos pratiques de collecte de donn\u00e9es et de l\u2019usage qui en est fait.<\/p><h3 style=\"padding-left: 40px;\"><strong>6.1. Collecte et utilisation d\u2019informations personnelles<\/strong><\/h3><p style=\"padding-left: 40px;\">Li\u00e9nou r\u00e9colte des informations uniquement lorsque vous remplissez un formulaire de demande d\u2019information ou lorsque vous nous contactez par courriel. Li\u00e9nou n\u2019utilisera jamais vos informations personnelles \u00e0 d\u2019autres fins que celles d\u00e9crites dans la pr\u00e9sente d\u00e9claration de confidentialit\u00e9 sans avoir pr\u00e9alablement obtenu votre consentement. Toutefois, Li\u00e9nou se r\u00e9serve le droit de divulguer des renseignements concernant les utilisateurs de son site dans les situations suivantes : afin de se conformer \u00e0 une loi ou \u00e0 une r\u00e9glementation, afin d\u2019assurer sa d\u00e9fense dans l\u2019\u00e9ventualit\u00e9 d\u2019une poursuite judiciaire ou afin de prot\u00e9ger ses droits ou ceux des utilisateurs de son site.<\/p><h3 style=\"padding-left: 40px;\"><strong>6.2. Donn\u00e9es anonymes (collecte passive de donn\u00e9es)<\/strong><\/h3><p style=\"padding-left: 40px;\">Nous utilisons des outils d\u2019analyse et d\u2019autres technologies de tierce partie, tel que Google Analytics pour collecter de l\u2019information non personnelle d\u2019usage quand vous utilisez notre site.<\/p><h3 style=\"padding-left: 40px;\"><strong>6.3. Google Analytics<\/strong><\/h3><p style=\"padding-left: 40px;\">Li\u00e9nou utilise Google Analytics pour analyser comment les visiteurs utilisent ce site. Google Analytics utilise des cookies. Les informations anonymes g\u00e9n\u00e9r\u00e9es par le cookie de Google Analytics \u00e0 propos de votre usage de notre site sont transmises \u00e0 Google. Cette information est alors trait\u00e9e pour compiler des rapports de statistiques \u00e0 propos de l\u2019activit\u00e9 sur notre site web seulement. Nous utilisons ces rapports pour \u00e9valuer des donn\u00e9es d\u2019usage agr\u00e9g\u00e9es afin de pouvoir optimiser nos contenus, leur marketing, et mieux r\u00e9pondre \u00e0 vos besoins et int\u00e9r\u00eats.<\/p><h3 style=\"padding-left: 40px;\"><strong>6.4.Fonctionnalit\u00e9s de d\u00e9mographie et d&rsquo;int\u00e9r\u00eats de google Analytics<\/strong><\/h3><p style=\"padding-left: 40px;\">Li\u00e9nou est impliqu\u00e9 \u00e0 s\u2019assurer que son site web offre des contenus qui ont de la valeur et qui sont utiles aux usagers qui le visitent. Pour nous assister \u00e0 ce niveau, nous avons int\u00e9gr\u00e9 les fonctionnalit\u00e9s de rapports d\u00e9mographiques et d\u2019int\u00e9r\u00eats de Google Analytics. Ces outils nous permettent d\u2019acc\u00e9der \u00e0 des donn\u00e9es anonymes \u00e0 propos du sexe, de l\u2019\u00e2ge et des int\u00e9r\u00eats des utilisateurs de notre site afin de pouvoir adapter nos contenus de sorte \u00e0 mieux refl\u00e9ter leurs besoins. Cette information est collect\u00e9e par le profil de pr\u00e9f\u00e9rences publicitaires de Google des usagers. Il est impossible pour Li\u00e9nou d\u2019utiliser ces renseignements pour identifier personnellement un usager du site.<\/p><h3 style=\"padding-left: 40px;\"><strong>6.5. Outils de tierce partie et liaison des donn\u00e9es<\/strong><\/h3><p style=\"padding-left: 40px;\">Nous n\u2019allons jamais (et ne permettrons jamais) qu\u2019une tierce partie utilise nos outils d\u2019analyse statistique pour traquer ou collecter des donn\u00e9es permettant l\u2019identification personnelle des usagers de notre site. Google ne va pas associer l\u2019adresse IP des usagers avec d\u2019autres d\u00e9tenues par d\u2019autres services de Google. Nous n\u2019allons pas associer des donn\u00e9es recueillies sur notre site avec des donn\u00e9es permettant l\u2019identification personnelle d\u2019un usager, quelle qu\u2019en soit la source.<\/p><h2>7. Responsabilit\u00e9<\/h2><p>Les informations communiqu\u00e9es sur les sites www.lienou.fr sont fournies \u00e0 titre indicatif. Elles ne sauraient engager la responsabilit\u00e9 de Li\u00e9nou. Elles peuvent \u00eatre modifi\u00e9es ou mises \u00e0 jour sans pr\u00e9avis. La responsabilit\u00e9 de Li\u00e9nou ne saurait \u00eatre engag\u00e9e pour tout dommage, de quelque nature qu\u2019il soit, direct ou indirect, toute omission ou erreur ou impossibilit\u00e9 d\u2019acc\u00e9der au site.<\/p><h2>8. Liens hypertextes<\/h2><p>Des liens hypertextes peuvent \u00eatre pr\u00e9sents sur le site. L\u2019Utilisateur est inform\u00e9 qu\u2019en cliquant sur ces liens, il se peut qu\u2019il sorte du site www.lienou.fr. Ce dernier n\u2019a pas de contr\u00f4le sur les pages web sur lesquelles aboutissent ces liens et ne saurait, en aucun cas, \u00eatre responsable de leur contenu. La mise en place de liens hypertextes en direction du site n\u00e9cessite l\u2019autorisation expresse et pr\u00e9alable de Li\u00e9nou. Il suffit pour cela de s\u2019adresser \u00e0 l\u2019adresse suivante : contact@lienou.fr<\/p><h2>9. S\u00e9curit\u00e9 et confidentialit\u00e9.<\/h2><p>Les sources des informations diffus\u00e9es sur le site www.lienou.fr sont r\u00e9put\u00e9es fiables, mais le site ne garantit pas qu\u2019il soit exempt de d\u00e9fauts, d\u2019erreurs ou d\u2019omissions. Les informations communiqu\u00e9es sont pr\u00e9sent\u00e9es \u00e0 titre indicatif et g\u00e9n\u00e9rales sans valeur contractuelle. Malgr\u00e9 des mises \u00e0 jour r\u00e9guli\u00e8res, le site www.lienou.fr ne peut \u00eatre tenu responsable de la modification des dispositions administratives et juridiques survenant apr\u00e8s la publication. De m\u00eame, le site ne peut \u00eatre tenu responsable de l\u2019utilisation et de l\u2019interpr\u00e9tation de l\u2019information contenue dans ce site. Le site www.lienou.fr ne peut \u00eatre tenu pour responsable d\u2019\u00e9ventuels virus qui pourraient infecter l\u2019ordinateur ou tout mat\u00e9riel informatique de l\u2019Internaute, suite \u00e0 une utilisation, \u00e0 l\u2019acc\u00e8s, ou au t\u00e9l\u00e9chargement provenant de ce site. La responsabilit\u00e9 du site ne peut \u00eatre engag\u00e9e en cas de force majeure ou du fait impr\u00e9visible et insurmontable d\u2019un tiers. Conform\u00e9ment au r\u00e8glement europ\u00e9en en mati\u00e8re de protection des donn\u00e9es personnelles, vous disposez des droits d\u2019interrogation, d\u2019acc\u00e8s, de modification, d\u2019opposition et de rectification sur vos donn\u00e9es personnelles sur simple demande par mail (support@lienou.fr) veuillez indiquer votre adresse mail, votre nom, votre pr\u00e9nom, votre num\u00e9ro de t\u00e9l\u00e9phone et votre adresse postale ainsi qu\u2019une copie de votre carte d\u2019identit\u00e9. Les informations personnelles demand\u00e9es sont destin\u00e9es \u00e0 Li\u00e9nou et ses partenaires. Elles servent \u00e0 traiter vos commandes sur le site www.lienou.fr\u00a0 de vous tenir inform\u00e9 sur les actualit\u00e9s et nouveaut\u00e9s. Les informations bancaires personnelles ne sont jamais en la possession de Li\u00e9nou. Les transactions sont trait\u00e9es par la soci\u00e9t\u00e9 stripe. Li\u00e9nou se r\u00e9serve le droit de modifier sa politique de confidentialit\u00e9 en tout temps et sans pr\u00e9avis.<\/p>\t\t\t\t\t\t\t\t<\/div>\n\t\t\t\t<\/div>\n\t\t\t\t\t<\/div>\n\t\t\t\t<\/div>\n\t\t\t\t<\/div>\n\t\t","protected":false},"excerpt":{"rendered":"<p>[ Mise \u00e0 jour du 01\/03\/2024 ] En vertu de l\u2019article 6 de la loi n\u00b0 2004-575 du 21 juin 2004 pour la confiance dans l\u2019\u00e9conomie num\u00e9rique, il est pr\u00e9cis\u00e9 aux utilisateurs du site internet lienou.com l\u2019identit\u00e9 des diff\u00e9rents intervenants dans le cadre de sa r\u00e9alisation et de son suivi : 1. Identification Li\u00e9nou est [&hellip;]<\/p>\n","protected":false},"author":8,"featured_media":0,"parent":0,"menu_order":0,"comment_status":"closed","ping_status":"closed","template":"","meta":{"_acf_changed":false,"footnotes":""},"class_list":["post-18472","page","type-page","status-publish","hentry","entry","owp-thumbs-layout-horizontal","owp-btn-big","owp-tabs-layout-horizontal","has-no-thumbnails"],"acf":[],"aioseo_notices":[],"_links":{"self":[{"href":"https:\/\/lienou.fr\/fr\/wp-json\/wp\/v2\/pages\/18472","targetHints":{"allow":["GET"]}}],"collection":[{"href":"https:\/\/lienou.fr\/fr\/wp-json\/wp\/v2\/pages"}],"about":[{"href":"https:\/\/lienou.fr\/fr\/wp-json\/wp\/v2\/types\/page"}],"author":[{"embeddable":true,"href":"https:\/\/lienou.fr\/fr\/wp-json\/wp\/v2\/users\/8"}],"replies":[{"embeddable":true,"href":"https:\/\/lienou.fr\/fr\/wp-json\/wp\/v2\/comments?post=18472"}],"version-history":[{"count":15,"href":"https:\/\/lienou.fr\/fr\/wp-json\/wp\/v2\/pages\/18472\/revisions"}],"predecessor-version":[{"id":38177,"href":"https:\/\/lienou.fr\/fr\/wp-json\/wp\/v2\/pages\/18472\/revisions\/38177"}],"wp:attachment":[{"href":"https:\/\/lienou.fr\/fr\/wp-json\/wp\/v2\/media?parent=18472"}],"curies":[{"name":"wp","href":"https:\/\/api.w.org\/{rel}","templated":true}]}}