{"id":18534,"date":"2023-08-02T10:49:45","date_gmt":"2023-08-02T08:49:45","guid":{"rendered":"https:\/\/lienou.fr\/?post_type=product&#038;p=18534"},"modified":"2026-01-08T17:41:39","modified_gmt":"2026-01-08T16:41:39","slug":"bridge-atlantic-cozytouch","status":"publish","type":"product","link":"https:\/\/lienou.fr\/fr\/catalogues\/seche-serviette\/bridge-atlantic-cozytouch\/","title":{"rendered":"Bridge Atlantic Cozytouch"},"content":{"rendered":"<p><strong>Solution connect\u00e9e pour le confort thermique<\/strong><\/p>\n<p>Vous avez oubli\u00e9 d\u2019\u00e9teindre vos radiateurs avant de partir en vacances ? Vous souhaitez rentrer dans une maison bien chauff\u00e9e ? Vous voulez suivre vos d\u00e9penses \u00e9nerg\u00e9tiques pour mieux g\u00e9rer votre budget ? Vous recevez des amis pour le week-end ?<\/p>\n<p>Restez serein avec Cozytouch ! Gr\u00e2ce aux accessoires de cette solution de connectivit\u00e9, vous pouvez contr\u00f4ler le confort de votre maison directement depuis votre smartphone ou votre tablette, en toute simplicit\u00e9, et en fonction de votre rythme de vie et de vos besoins.<\/p>\n<p>Pour en profiter, connectez vos appareils Atlantic compatibles gr\u00e2ce au bridge Cozytouch et t\u00e9l\u00e9chargez l&rsquo;application gratuite Atlantic Cozytouch. Avec Cozytouch, ma\u00eetrisez votre confort et votre consommation \u00e9nerg\u00e9tique d&rsquo;un simple geste.<\/p>\n<ul>\n<li>Pilotez jusqu&rsquo;\u00e0 20 appareils connect\u00e9s Atlantic<\/li>\n<li>Gestion et programmation de vos appareils via votre smartphone ou tablette<\/li>\n<\/ul>\n","protected":false},"excerpt":{"rendered":"<p>Solution connect\u00e9e pour le confort thermique Vous avez oubli\u00e9 d\u2019\u00e9teindre vos radiateurs avant de partir en vacances ? Vous souhaitez rentrer dans une maison bien chauff\u00e9e ? Vous voulez suivre vos d\u00e9penses \u00e9nerg\u00e9tiques pour mieux g\u00e9rer votre budget ? Vous recevez des amis pour le week-end ? Restez serein avec Cozytouch ! Gr\u00e2ce aux accessoires [&hellip;]<\/p>\n","protected":false},"featured_media":36980,"comment_status":"open","ping_status":"closed","template":"","meta":{"_acf_changed":false},"product_brand":[],"product_cat":[450],"product_tag":[],"class_list":{"0":"post-18534","1":"product","2":"type-product","3":"status-publish","4":"has-post-thumbnail","6":"product_cat-seche-serviette","7":"tm-has-options","9":"entry","10":"has-media","12":"first","13":"outofstock","14":"taxable","15":"shipping-taxable","16":"purchasable","17":"product-type-simple","18":"col","19":"span_1_of_3","20":"owp-content-center","21":"owp-thumbs-layout-horizontal","22":"owp-btn-big","23":"owp-tabs-layout-horizontal"},"acf":[],"aioseo_notices":[],"_links":{"self":[{"href":"https:\/\/lienou.fr\/fr\/wp-json\/wp\/v2\/product\/18534","targetHints":{"allow":["GET"]}}],"collection":[{"href":"https:\/\/lienou.fr\/fr\/wp-json\/wp\/v2\/product"}],"about":[{"href":"https:\/\/lienou.fr\/fr\/wp-json\/wp\/v2\/types\/product"}],"replies":[{"embeddable":true,"href":"https:\/\/lienou.fr\/fr\/wp-json\/wp\/v2\/comments?post=18534"}],"version-history":[{"count":9,"href":"https:\/\/lienou.fr\/fr\/wp-json\/wp\/v2\/product\/18534\/revisions"}],"predecessor-version":[{"id":37450,"href":"https:\/\/lienou.fr\/fr\/wp-json\/wp\/v2\/product\/18534\/revisions\/37450"}],"wp:featuredmedia":[{"embeddable":true,"href":"https:\/\/lienou.fr\/fr\/wp-json\/wp\/v2\/media\/36980"}],"wp:attachment":[{"href":"https:\/\/lienou.fr\/fr\/wp-json\/wp\/v2\/media?parent=18534"}],"wp:term":[{"taxonomy":"product_brand","embeddable":true,"href":"https:\/\/lienou.fr\/fr\/wp-json\/wp\/v2\/product_brand?post=18534"},{"taxonomy":"product_cat","embeddable":true,"href":"https:\/\/lienou.fr\/fr\/wp-json\/wp\/v2\/product_cat?post=18534"},{"taxonomy":"product_tag","embeddable":true,"href":"https:\/\/lienou.fr\/fr\/wp-json\/wp\/v2\/product_tag?post=18534"}],"curies":[{"name":"wp","href":"https:\/\/api.w.org\/{rel}","templated":true}]}}