{"id":18543,"date":"2023-08-02T13:20:59","date_gmt":"2023-08-02T11:20:59","guid":{"rendered":"https:\/\/lienou.fr\/?post_type=product&#038;p=18543"},"modified":"2025-12-06T17:17:57","modified_gmt":"2025-12-06T16:17:57","slug":"baignoire-nepal","status":"publish","type":"product","link":"https:\/\/lienou.fr\/fr\/catalogues\/baignoire\/baignoire-nepal\/","title":{"rendered":"Baignoire Nepal"},"content":{"rendered":"<p>Con\u00e7us pour des r\u00e9alisations en harmonie avec l\u2019espace et sp\u00e9cialement adapt\u00e9s aux travaux artisanaux nos plateaux en r\u00e9sine teint\u00e9s dans la masse offrent gr\u00e2ce \u00e0 leur charge min\u00e9rale un large choix de couleur et un rendu esth\u00e9tique incomparable permettant de cr\u00e9er des salles de bains au caract\u00e8re inimitable.<\/p>\n<p><strong>Surface solide<\/strong><\/p>\n<p>Mat\u00e9riau \u00e0 base de r\u00e9sine synth\u00e9tique qui permet d&rsquo;obtenir une finition et une protection de surface \u00e9lev\u00e9es.<\/p>\n<table style=\"height: 105px;\" width=\"251\">\n<tbody>\n<tr>\n<th><strong>Capacit\u00e9<\/strong><\/th>\n<th><strong>Dimension<\/strong><\/th>\n<\/tr>\n<tr id=\"secondtr\">\n<td style=\"text-align: center;\">410 L<\/td>\n<td style=\"text-align: center;\">170 x 75 x 55 cm<\/td>\n<\/tr>\n<\/tbody>\n<\/table>\n<h3><\/h3>\n","protected":false},"excerpt":{"rendered":"<p>Con\u00e7us pour des r\u00e9alisations en harmonie avec l\u2019espace et sp\u00e9cialement adapt\u00e9s aux travaux artisanaux nos plateaux en r\u00e9sine teint\u00e9s dans la masse offrent gr\u00e2ce \u00e0 leur charge min\u00e9rale un large choix de couleur et un rendu esth\u00e9tique incomparable permettant de cr\u00e9er des salles de bains au caract\u00e8re inimitable. Surface solide Mat\u00e9riau \u00e0 base de r\u00e9sine [&hellip;]<\/p>\n","protected":false},"featured_media":34605,"comment_status":"open","ping_status":"closed","template":"","meta":{"_acf_changed":false},"product_brand":[],"product_cat":[451],"product_tag":[],"class_list":{"0":"post-18543","1":"product","2":"type-product","3":"status-publish","4":"has-post-thumbnail","6":"product_cat-baignoire","7":"tm-no-options","9":"entry","10":"has-media","12":"first","13":"instock","14":"taxable","15":"shipping-taxable","16":"purchasable","17":"product-type-simple","18":"col","19":"span_1_of_3","20":"owp-content-center","21":"owp-thumbs-layout-horizontal","22":"owp-btn-big","23":"owp-tabs-layout-horizontal"},"acf":[],"aioseo_notices":[],"_links":{"self":[{"href":"https:\/\/lienou.fr\/fr\/wp-json\/wp\/v2\/product\/18543","targetHints":{"allow":["GET"]}}],"collection":[{"href":"https:\/\/lienou.fr\/fr\/wp-json\/wp\/v2\/product"}],"about":[{"href":"https:\/\/lienou.fr\/fr\/wp-json\/wp\/v2\/types\/product"}],"replies":[{"embeddable":true,"href":"https:\/\/lienou.fr\/fr\/wp-json\/wp\/v2\/comments?post=18543"}],"version-history":[{"count":7,"href":"https:\/\/lienou.fr\/fr\/wp-json\/wp\/v2\/product\/18543\/revisions"}],"predecessor-version":[{"id":38227,"href":"https:\/\/lienou.fr\/fr\/wp-json\/wp\/v2\/product\/18543\/revisions\/38227"}],"wp:featuredmedia":[{"embeddable":true,"href":"https:\/\/lienou.fr\/fr\/wp-json\/wp\/v2\/media\/34605"}],"wp:attachment":[{"href":"https:\/\/lienou.fr\/fr\/wp-json\/wp\/v2\/media?parent=18543"}],"wp:term":[{"taxonomy":"product_brand","embeddable":true,"href":"https:\/\/lienou.fr\/fr\/wp-json\/wp\/v2\/product_brand?post=18543"},{"taxonomy":"product_cat","embeddable":true,"href":"https:\/\/lienou.fr\/fr\/wp-json\/wp\/v2\/product_cat?post=18543"},{"taxonomy":"product_tag","embeddable":true,"href":"https:\/\/lienou.fr\/fr\/wp-json\/wp\/v2\/product_tag?post=18543"}],"curies":[{"name":"wp","href":"https:\/\/api.w.org\/{rel}","templated":true}]}}