{"id":18970,"date":"2023-02-11T16:24:18","date_gmt":"2023-02-11T15:24:18","guid":{"rendered":"https:\/\/lienou.fr\/?post_type=product&#038;p=18970"},"modified":"2025-12-06T17:17:57","modified_gmt":"2025-12-06T16:17:57","slug":"baignoire-chera","status":"publish","type":"product","link":"https:\/\/lienou.fr\/fr\/catalogues\/baignoire\/baignoire-chera\/","title":{"rendered":"Baignoire Chera"},"content":{"rendered":"<p>Cette baignoire autoportante en combine l&rsquo;\u00e9l\u00e9gance d\u2019un design \u00e9pur\u00e9 et les avantages pratiques de la r\u00e9sine. Son aspect minimaliste ajoutera une touche de sophistication et de chaleur \u00e0 votre salle de bains. La r\u00e9sine de haute qualit\u00e9 offre une durabilit\u00e9 et une r\u00e9sistance exceptionnelles, tandis que la surface antibact\u00e9rienne assure une hygi\u00e8ne parfaite. Facile \u00e0 entretenir, cette baignoire est disponible en diff\u00e9rentes couleurs pour s\u2019adapter \u00e0 toutes les envies.<\/p>\n<p><strong>Gel Coat<\/strong><\/p>\n<p>Mat\u00e9riau \u00e0 base de r\u00e9sine synth\u00e9tique qui permet d&rsquo;obtenir une finition et une protection de surface \u00e9lev\u00e9es.<\/p>\n<table style=\"height: 105px;\" width=\"251\">\n<tbody>\n<tr>\n<th><strong>Capacit\u00e9<\/strong><\/th>\n<th><strong>Dimension<\/strong><\/th>\n<\/tr>\n<tr id=\"secondtr\">\n<td style=\"text-align: center;\">410 L<\/td>\n<td style=\"text-align: center;\">175 x 75 x 60 cm<\/td>\n<\/tr>\n<\/tbody>\n<\/table>\n","protected":false},"excerpt":{"rendered":"<p>Baignoire qui combine \u00e9l\u00e9gance et praticit\u00e9. Design minimaliste et sophistiqu\u00e9. Con\u00e7u pour durer et est antibact\u00e9rien, facile \u00e0 entretenir et disponible en plusieurs couleurs.<\/p>\n","protected":false},"featured_media":34608,"comment_status":"open","ping_status":"closed","template":"","meta":{"_acf_changed":false},"product_brand":[],"product_cat":[451],"product_tag":[],"class_list":{"0":"post-18970","1":"product","2":"type-product","3":"status-publish","4":"has-post-thumbnail","6":"product_cat-baignoire","7":"tm-has-options","9":"entry","10":"has-media","12":"first","13":"instock","14":"taxable","15":"shipping-taxable","16":"purchasable","17":"product-type-simple","18":"col","19":"span_1_of_3","20":"owp-content-center","21":"owp-thumbs-layout-horizontal","22":"owp-btn-big","23":"owp-tabs-layout-horizontal"},"acf":[],"aioseo_notices":[],"_links":{"self":[{"href":"https:\/\/lienou.fr\/fr\/wp-json\/wp\/v2\/product\/18970","targetHints":{"allow":["GET"]}}],"collection":[{"href":"https:\/\/lienou.fr\/fr\/wp-json\/wp\/v2\/product"}],"about":[{"href":"https:\/\/lienou.fr\/fr\/wp-json\/wp\/v2\/types\/product"}],"replies":[{"embeddable":true,"href":"https:\/\/lienou.fr\/fr\/wp-json\/wp\/v2\/comments?post=18970"}],"version-history":[{"count":12,"href":"https:\/\/lienou.fr\/fr\/wp-json\/wp\/v2\/product\/18970\/revisions"}],"predecessor-version":[{"id":38231,"href":"https:\/\/lienou.fr\/fr\/wp-json\/wp\/v2\/product\/18970\/revisions\/38231"}],"wp:featuredmedia":[{"embeddable":true,"href":"https:\/\/lienou.fr\/fr\/wp-json\/wp\/v2\/media\/34608"}],"wp:attachment":[{"href":"https:\/\/lienou.fr\/fr\/wp-json\/wp\/v2\/media?parent=18970"}],"wp:term":[{"taxonomy":"product_brand","embeddable":true,"href":"https:\/\/lienou.fr\/fr\/wp-json\/wp\/v2\/product_brand?post=18970"},{"taxonomy":"product_cat","embeddable":true,"href":"https:\/\/lienou.fr\/fr\/wp-json\/wp\/v2\/product_cat?post=18970"},{"taxonomy":"product_tag","embeddable":true,"href":"https:\/\/lienou.fr\/fr\/wp-json\/wp\/v2\/product_tag?post=18970"}],"curies":[{"name":"wp","href":"https:\/\/api.w.org\/{rel}","templated":true}]}}