{"id":18973,"date":"2023-08-03T14:35:00","date_gmt":"2023-08-03T12:35:00","guid":{"rendered":"https:\/\/lienou.fr\/?post_type=product&#038;p=18973"},"modified":"2025-12-06T17:17:57","modified_gmt":"2025-12-06T16:17:57","slug":"baignoire-samoa","status":"publish","type":"product","link":"https:\/\/lienou.fr\/fr\/catalogues\/baignoire\/baignoire-samoa\/","title":{"rendered":"Baignoire Samoa"},"content":{"rendered":"<p>La forme rectangulaire de cette baignoire, autoportante en r\u00e9sine, est id\u00e9ale pour une salle de bains moderne et minimaliste. Sa g\u00e9om\u00e9trique offre une esth\u00e9tique \u00e9pur\u00e9e et un espace de bain g\u00e9n\u00e9reux. Fabriqu\u00e9e en r\u00e9sine de haute qualit\u00e9, elle est r\u00e9sistante aux rayures et aux taches, lui assurant, ainsi, une longue dur\u00e9e de vie. Sa surface en Gel Coat et non poreuse facilite le nettoyage et l\u2019entretien.<\/p>\n<p><strong><span style=\"vertical-align: inherit;\"><span style=\"vertical-align: inherit;\">Surface solide<\/span><\/span><\/strong><\/p>\n<p><span style=\"vertical-align: inherit;\"><span style=\"vertical-align: inherit;\">Mat\u00e9riau composite haut de gamme dont les propri\u00e9t\u00e9s sont tr\u00e8s proches de la pierre naturelle. <\/span><span style=\"vertical-align: inherit;\">Il est particuli\u00e8rement bien adapt\u00e9 aux pi\u00e8ces humides.<\/span><\/span><\/p>\n<table>\n<tbody>\n<tr>\n<th><strong><span style=\"vertical-align: inherit;\"><span style=\"vertical-align: inherit;\">Capacit\u00e9<\/span><\/span><\/strong><\/th>\n<th><strong><span style=\"vertical-align: inherit;\"><span style=\"vertical-align: inherit;\">Dimension<\/span><\/span><\/strong><\/th>\n<\/tr>\n<tr id=\"secondtr\">\n<td><span style=\"vertical-align: inherit;\"><span style=\"vertical-align: inherit;\">360L<\/span><\/span><\/td>\n<td><span style=\"vertical-align: inherit;\"><span style=\"vertical-align: inherit;\">165 x 70 x 55 cm<\/span><\/span><\/td>\n<\/tr>\n<\/tbody>\n<\/table>\n","protected":false},"excerpt":{"rendered":"<p>Baignoire rectangulaire en r\u00e9sine, id\u00e9ale pour une salle de bains moderne. Design \u00e9pur\u00e9e, espace g\u00e9n\u00e9reux, r\u00e9sistante aux rayures e facile \u00e0 nettoyer.<\/p>\n","protected":false},"featured_media":34623,"comment_status":"open","ping_status":"closed","template":"","meta":{"_acf_changed":false},"product_brand":[],"product_cat":[451],"product_tag":[],"class_list":{"0":"post-18973","1":"product","2":"type-product","3":"status-publish","4":"has-post-thumbnail","6":"product_cat-baignoire","7":"tm-no-options","9":"entry","10":"has-media","12":"first","13":"instock","14":"taxable","15":"shipping-taxable","16":"purchasable","17":"product-type-simple","18":"col","19":"span_1_of_3","20":"owp-content-center","21":"owp-thumbs-layout-horizontal","22":"owp-btn-big","23":"owp-tabs-layout-horizontal"},"acf":[],"aioseo_notices":[],"_links":{"self":[{"href":"https:\/\/lienou.fr\/fr\/wp-json\/wp\/v2\/product\/18973","targetHints":{"allow":["GET"]}}],"collection":[{"href":"https:\/\/lienou.fr\/fr\/wp-json\/wp\/v2\/product"}],"about":[{"href":"https:\/\/lienou.fr\/fr\/wp-json\/wp\/v2\/types\/product"}],"replies":[{"embeddable":true,"href":"https:\/\/lienou.fr\/fr\/wp-json\/wp\/v2\/comments?post=18973"}],"version-history":[{"count":10,"href":"https:\/\/lienou.fr\/fr\/wp-json\/wp\/v2\/product\/18973\/revisions"}],"predecessor-version":[{"id":39053,"href":"https:\/\/lienou.fr\/fr\/wp-json\/wp\/v2\/product\/18973\/revisions\/39053"}],"wp:featuredmedia":[{"embeddable":true,"href":"https:\/\/lienou.fr\/fr\/wp-json\/wp\/v2\/media\/34623"}],"wp:attachment":[{"href":"https:\/\/lienou.fr\/fr\/wp-json\/wp\/v2\/media?parent=18973"}],"wp:term":[{"taxonomy":"product_brand","embeddable":true,"href":"https:\/\/lienou.fr\/fr\/wp-json\/wp\/v2\/product_brand?post=18973"},{"taxonomy":"product_cat","embeddable":true,"href":"https:\/\/lienou.fr\/fr\/wp-json\/wp\/v2\/product_cat?post=18973"},{"taxonomy":"product_tag","embeddable":true,"href":"https:\/\/lienou.fr\/fr\/wp-json\/wp\/v2\/product_tag?post=18973"}],"curies":[{"name":"wp","href":"https:\/\/api.w.org\/{rel}","templated":true}]}}