{"id":42443,"date":"2025-09-05T02:48:06","date_gmt":"2025-09-05T00:48:06","guid":{"rendered":"https:\/\/lienou.fr\/?post_type=product&#038;p=42443"},"modified":"2025-12-06T09:34:10","modified_gmt":"2025-12-06T08:34:10","slug":"receveur-de-douche-extra-plat-finition-ardoise-sarin","status":"publish","type":"product","link":"https:\/\/lienou.fr\/fr\/catalogues\/receveur-de-douche\/resine-minerale\/receveur-de-douche-extra-plat-finition-ardoise-sarin\/","title":{"rendered":"Receveur de Douche Extra-Plat, Finition Ardoise \u2014 Sarin"},"content":{"rendered":"<h3><strong>Receveur de douche en r\u00e9sine Finition ardoise \u2013 Moderne, s\u00fbr et ultra r\u00e9sistant<\/strong><\/h3>\n<p data-start=\"323\" data-end=\"586\">Misez sur le style et la performance avec ce <strong data-start=\"368\" data-end=\"417\">receveur de douche en r\u00e9sine Finition ardoise. <\/strong>Sp\u00e9cialement con\u00e7u pour les\u00a0<strong data-start=\"447\" data-end=\"475\">salles de bains modernes<\/strong> son <strong data-start=\"481\" data-end=\"497\">design \u00e9pur\u00e9<\/strong>, inspir\u00e9 des mat\u00e9riaux naturels, apporte une touche \u00e9l\u00e9gante et min\u00e9rale \u00e0 votre salle de bain.<\/p>\n<p>Fabriqu\u00e9 \u00e0 partir de\u00a0<strong data-start=\"609\" data-end=\"636\">r\u00e9sine de haute qualit\u00e9<\/strong>, il r\u00e9siste efficacement aux\u00a0<strong data-start=\"666\" data-end=\"675\">chocs<\/strong>, aux\u00a0<strong data-start=\"681\" data-end=\"692\">rayures<\/strong> et \u00e0 l\u2019humidit\u00e9. Sa\u00a0<strong data-start=\"713\" data-end=\"738\">surface antid\u00e9rapante<\/strong>\u00a0garantit une\u00a0<strong data-start=\"752\" data-end=\"773\">s\u00e9curit\u00e9 optimale <\/strong>en milieu humide, tout en assurant un confort au quotidien.<\/p>\n<ul>\n<li data-start=\"841\" data-end=\"1141\"><strong>Installation facile<\/strong>: extra-plat et id\u00e9al pour les r\u00e9novations.<\/li>\n<li data-start=\"1143\" data-end=\"1244\"><strong>Entretien simplifi\u00e9<\/strong>: surface non poreuse, hygi\u00e9nique et r\u00e9sistante aux produits courants.<\/li>\n<li data-start=\"1143\" data-end=\"1244\"><strong>Personnalisable<\/strong>: disponible en plusieurs <strong>coloris<\/strong> et\u00a0<strong data-start=\"1082\" data-end=\"1096\">dimensions<\/strong>, pour s\u2019adapter \u00e0 toutes les configurations.<\/li>\n<\/ul>\n<p class=\"\" data-start=\"1143\" data-end=\"1244\">Un choix fiable et esth\u00e9tique pour une\u00a0<strong data-start=\"1182\" data-end=\"1243\">douche \u00e0 l\u2019italienne s\u00e9curis\u00e9e, fonctionnelle et tendance<\/strong>.<\/p>\n<ul>\n<li>R\u00e9sine et charges min\u00e9rales<\/li>\n<li>Couleur pleine masse<\/li>\n<li>Seuil de tol\u00e9rance 0&rsquo;3% de pente<\/li>\n<li>Surface Gel Coat pour une haute r\u00e9sistance<\/li>\n<\/ul>\n","protected":false},"excerpt":{"rendered":"<p>Receveur de douche en r\u00e9sine Finition ardoise \u2013 Moderne, s\u00fbr et ultra r\u00e9sistant Misez sur le style et la performance avec ce receveur de douche en r\u00e9sine Finition ardoise. Sp\u00e9cialement con\u00e7u pour les\u00a0salles de bains modernes son design \u00e9pur\u00e9, inspir\u00e9 des mat\u00e9riaux naturels, apporte une touche \u00e9l\u00e9gante et min\u00e9rale \u00e0 votre salle de bain. Fabriqu\u00e9 [&hellip;]<\/p>\n","protected":false},"featured_media":34532,"comment_status":"open","ping_status":"closed","template":"","meta":{"_acf_changed":false},"product_brand":[],"product_cat":[456,845],"product_tag":[844],"class_list":{"0":"post-42443","1":"product","2":"type-product","3":"status-publish","4":"has-post-thumbnail","6":"product_cat-receveur-de-douche","7":"product_cat-resine-minerale","8":"product_tag-resine","9":"tm-has-options","11":"entry","12":"has-media","14":"first","15":"instock","16":"featured","17":"taxable","18":"shipping-taxable","19":"purchasable","20":"product-type-variable","21":"col","22":"span_1_of_3","23":"owp-content-center","24":"owp-thumbs-layout-horizontal","25":"owp-btn-big","26":"owp-tabs-layout-horizontal"},"acf":[],"aioseo_notices":[],"_links":{"self":[{"href":"https:\/\/lienou.fr\/fr\/wp-json\/wp\/v2\/product\/42443","targetHints":{"allow":["GET"]}}],"collection":[{"href":"https:\/\/lienou.fr\/fr\/wp-json\/wp\/v2\/product"}],"about":[{"href":"https:\/\/lienou.fr\/fr\/wp-json\/wp\/v2\/types\/product"}],"replies":[{"embeddable":true,"href":"https:\/\/lienou.fr\/fr\/wp-json\/wp\/v2\/comments?post=42443"}],"version-history":[{"count":3,"href":"https:\/\/lienou.fr\/fr\/wp-json\/wp\/v2\/product\/42443\/revisions"}],"predecessor-version":[{"id":43044,"href":"https:\/\/lienou.fr\/fr\/wp-json\/wp\/v2\/product\/42443\/revisions\/43044"}],"wp:featuredmedia":[{"embeddable":true,"href":"https:\/\/lienou.fr\/fr\/wp-json\/wp\/v2\/media\/34532"}],"wp:attachment":[{"href":"https:\/\/lienou.fr\/fr\/wp-json\/wp\/v2\/media?parent=42443"}],"wp:term":[{"taxonomy":"product_brand","embeddable":true,"href":"https:\/\/lienou.fr\/fr\/wp-json\/wp\/v2\/product_brand?post=42443"},{"taxonomy":"product_cat","embeddable":true,"href":"https:\/\/lienou.fr\/fr\/wp-json\/wp\/v2\/product_cat?post=42443"},{"taxonomy":"product_tag","embeddable":true,"href":"https:\/\/lienou.fr\/fr\/wp-json\/wp\/v2\/product_tag?post=42443"}],"curies":[{"name":"wp","href":"https:\/\/api.w.org\/{rel}","templated":true}]}}