{"id":42445,"date":"2025-09-05T02:48:06","date_gmt":"2025-09-05T00:48:06","guid":{"rendered":"https:\/\/lienou.fr\/?post_type=product&#038;p=42445"},"modified":"2025-12-06T09:34:32","modified_gmt":"2025-12-06T08:34:32","slug":"receveur-de-douche-recoupable-finition-beton-cire-lyra","status":"publish","type":"product","link":"https:\/\/lienou.fr\/fr\/catalogues\/receveur-de-douche\/resine-minerale\/receveur-de-douche-recoupable-finition-beton-cire-lyra\/","title":{"rendered":"Receveur de Douche Recoupable, Finition B\u00e9ton Cir\u00e9 \u2014 Lyra"},"content":{"rendered":"<h3 class=\"\" data-start=\"204\" data-end=\"290\"><strong data-start=\"208\" data-end=\"290\">Receveur de douche italienne \u2013 \u00c9l\u00e9gance personnalis\u00e9e et s\u00e9curit\u00e9 au quotidien<\/strong><\/h3>\n<p class=\"\" data-start=\"292\" data-end=\"608\">Apportez une <strong data-start=\"305\" data-end=\"333\">touche de sophistication<\/strong> \u00e0 votre salle de bain avec ce <strong data-start=\"364\" data-end=\"410\">receveur de douche italienne haut de gamme<\/strong>. Gr\u00e2ce \u00e0 sa <strong data-start=\"423\" data-end=\"451\">large palette de teintes<\/strong> et ses nombreuses <strong data-start=\"470\" data-end=\"496\">dimensions disponibles<\/strong>, il s\u2019adapte \u00e0 toutes les configurations et vous permet de cr\u00e9er un <strong data-start=\"565\" data-end=\"607\">espace douche enti\u00e8rement personnalis\u00e9<\/strong>.<\/p>\n<p class=\"\" data-start=\"610\" data-end=\"897\">Fabriqu\u00e9 en <strong data-start=\"622\" data-end=\"649\">r\u00e9sine de haute qualit\u00e9<\/strong>, ce receveur est \u00e0 la fois <strong data-start=\"677\" data-end=\"699\">r\u00e9sistant, durable<\/strong> et <strong data-start=\"703\" data-end=\"728\">confortable \u00e0 l\u2019usage<\/strong>. Sa <strong data-start=\"733\" data-end=\"758\">surface antid\u00e9rapante<\/strong> offre une <strong data-start=\"769\" data-end=\"790\">s\u00e9curit\u00e9 optimale<\/strong>, tandis que sa <strong data-start=\"806\" data-end=\"839\">Finition spatul\u00e9e et non poreuse<\/strong> garantit un <strong data-start=\"852\" data-end=\"872\">entretien facile<\/strong> et une hygi\u00e8ne parfaite.<\/p>\n<ul>\n<li data-start=\"899\" data-end=\"1072\"><strong data-start=\"901\" data-end=\"920\">Personnalisable<\/strong> : teintes et formats vari\u00e9s<\/li>\n<li data-start=\"899\" data-end=\"1072\"><strong data-start=\"953\" data-end=\"973\">Confort et style<\/strong> : parfait pour une douche \u00e0 l\u2019italienne sans seuil<\/li>\n<li data-start=\"899\" data-end=\"1072\"><strong data-start=\"1029\" data-end=\"1044\">Pose facile<\/strong> et durabilit\u00e9 dans le temps<\/li>\n<\/ul>\n<p class=\"\" data-start=\"1074\" data-end=\"1136\">Un choix esth\u00e9tique, fiable et 100 % adaptable \u00e0 votre projet.<\/p>\n<ul>\n<li>R\u00e9sine et charges min\u00e9rales<\/li>\n<li>Couleur pleine masse<\/li>\n<li>Seuil de tol\u00e9rance 0&rsquo;3% de pente<\/li>\n<li>Surface Gel Coat pour une haute r\u00e9sistance<\/li>\n<\/ul>\n","protected":false},"excerpt":{"rendered":"<p>Receveur de douche italienne \u2013 \u00c9l\u00e9gance personnalis\u00e9e et s\u00e9curit\u00e9 au quotidien Apportez une touche de sophistication \u00e0 votre salle de bain avec ce receveur de douche italienne haut de gamme. Gr\u00e2ce \u00e0 sa large palette de teintes et ses nombreuses dimensions disponibles, il s\u2019adapte \u00e0 toutes les configurations et vous permet de cr\u00e9er un espace [&hellip;]<\/p>\n","protected":false},"featured_media":34518,"comment_status":"open","ping_status":"closed","template":"","meta":{"_acf_changed":false},"product_brand":[],"product_cat":[456,845],"product_tag":[844],"class_list":{"0":"post-42445","1":"product","2":"type-product","3":"status-publish","4":"has-post-thumbnail","6":"product_cat-receveur-de-douche","7":"product_cat-resine-minerale","8":"product_tag-resine","9":"tm-has-options","11":"entry","12":"has-media","14":"first","15":"instock","16":"featured","17":"taxable","18":"shipping-taxable","19":"purchasable","20":"product-type-variable","21":"col","22":"span_1_of_3","23":"owp-content-center","24":"owp-thumbs-layout-horizontal","25":"owp-btn-big","26":"owp-tabs-layout-horizontal"},"acf":[],"aioseo_notices":[],"_links":{"self":[{"href":"https:\/\/lienou.fr\/fr\/wp-json\/wp\/v2\/product\/42445","targetHints":{"allow":["GET"]}}],"collection":[{"href":"https:\/\/lienou.fr\/fr\/wp-json\/wp\/v2\/product"}],"about":[{"href":"https:\/\/lienou.fr\/fr\/wp-json\/wp\/v2\/types\/product"}],"replies":[{"embeddable":true,"href":"https:\/\/lienou.fr\/fr\/wp-json\/wp\/v2\/comments?post=42445"}],"version-history":[{"count":2,"href":"https:\/\/lienou.fr\/fr\/wp-json\/wp\/v2\/product\/42445\/revisions"}],"predecessor-version":[{"id":43040,"href":"https:\/\/lienou.fr\/fr\/wp-json\/wp\/v2\/product\/42445\/revisions\/43040"}],"wp:featuredmedia":[{"embeddable":true,"href":"https:\/\/lienou.fr\/fr\/wp-json\/wp\/v2\/media\/34518"}],"wp:attachment":[{"href":"https:\/\/lienou.fr\/fr\/wp-json\/wp\/v2\/media?parent=42445"}],"wp:term":[{"taxonomy":"product_brand","embeddable":true,"href":"https:\/\/lienou.fr\/fr\/wp-json\/wp\/v2\/product_brand?post=42445"},{"taxonomy":"product_cat","embeddable":true,"href":"https:\/\/lienou.fr\/fr\/wp-json\/wp\/v2\/product_cat?post=42445"},{"taxonomy":"product_tag","embeddable":true,"href":"https:\/\/lienou.fr\/fr\/wp-json\/wp\/v2\/product_tag?post=42445"}],"curies":[{"name":"wp","href":"https:\/\/api.w.org\/{rel}","templated":true}]}}