{"id":42446,"date":"2025-09-05T02:48:06","date_gmt":"2025-09-05T00:48:06","guid":{"rendered":"https:\/\/lienou.fr\/?post_type=product&#038;p=42446"},"modified":"2025-12-06T09:34:10","modified_gmt":"2025-12-06T08:34:10","slug":"receveur-de-douche-recoupable-finition-ardoise-classic","status":"publish","type":"product","link":"https:\/\/lienou.fr\/fr\/catalogues\/receveur-de-douche\/resine-minerale\/receveur-de-douche-recoupable-finition-ardoise-classic\/","title":{"rendered":"Receveur de Douche Recoupable, Finition Ardoise \u2014 Classic"},"content":{"rendered":"<h3 class=\"\" data-start=\"256\" data-end=\"345\"><strong data-start=\"260\" data-end=\"345\">Receveur de douche en r\u00e9sine \u2013 Finition pierre naturelle, \u00e9l\u00e9gance et performance<\/strong><\/h3>\n<p class=\"\" data-start=\"347\" data-end=\"630\">Apportez du caract\u00e8re \u00e0 votre salle de bain avec ce <strong data-start=\"399\" data-end=\"442\">receveur de douche extra-plat en r\u00e9sine <\/strong>et <strong data-start=\"455\" data-end=\"493\">Finition pierre naturelle textur\u00e9e<\/strong>. \u00c0 la fois <strong data-start=\"505\" data-end=\"515\">design<\/strong> et <strong data-start=\"519\" data-end=\"534\">fonctionnel<\/strong>, il offre une alternative haut de gamme pour une <strong data-start=\"584\" data-end=\"629\">douche \u00e0 l\u2019italienne moderne et s\u00e9curis\u00e9e<\/strong>.<\/p>\n<ul>\n<li data-start=\"632\" data-end=\"1132\"><strong data-start=\"634\" data-end=\"659\">Recoupable et fabrication sur mesure possible<\/strong>, il s\u2019adapte parfaitement \u00e0 toutes les configurations, m\u00eame les plus complexes.<\/li>\n<li data-start=\"632\" data-end=\"1132\">Sa <strong data-start=\"747\" data-end=\"787\">surface antid\u00e9rapante et non poreuse<\/strong> assure une <strong data-start=\"799\" data-end=\"824\">hygi\u00e8ne irr\u00e9prochable<\/strong> et un <strong data-start=\"831\" data-end=\"854\">entretien simplifi\u00e9<\/strong>.<\/li>\n<li data-start=\"632\" data-end=\"1132\">Con\u00e7u pour <strong data-start=\"871\" data-end=\"893\">r\u00e9sister aux chocs<\/strong>, aux <strong data-start=\"899\" data-end=\"928\">variations de temp\u00e9rature<\/strong> et aux <strong data-start=\"936\" data-end=\"958\">produits chimiques<\/strong>, il allie <strong data-start=\"969\" data-end=\"996\">durabilit\u00e9 et fiabilit\u00e9<\/strong>.<\/li>\n<li data-start=\"632\" data-end=\"1132\">Sa <strong data-start=\"1005\" data-end=\"1033\">hauteur r\u00e9duite (&lt; 4 cm)<\/strong> facilite une <strong data-start=\"1047\" data-end=\"1077\">installation de plain-pied<\/strong>, id\u00e9ale pour les projets accessibles et contemporains.<\/li>\n<\/ul>\n<p class=\"\" data-start=\"1134\" data-end=\"1274\">Disponible en plusieurs <strong data-start=\"1158\" data-end=\"1193\">dimensions et teintes min\u00e9rales<\/strong>, ce receveur transforme chaque douche en une <strong data-start=\"1239\" data-end=\"1273\">exp\u00e9rience \u00e9l\u00e9gante et sereine<\/strong>.<\/p>\n<ul>\n<li>R\u00e9sine et charges min\u00e9rales<\/li>\n<li>Couleur pleine masse<\/li>\n<li>Seuil de tol\u00e9rance 0&rsquo;3% de pente<\/li>\n<li>Surface Gel Coat pour une haute r\u00e9sistance<\/li>\n<li>Surface antid\u00e9rapante C3<\/li>\n<\/ul>\n","protected":false},"excerpt":{"rendered":"<p>Receveur de douche en r\u00e9sine \u2013 Finition pierre naturelle, \u00e9l\u00e9gance et performance Apportez du caract\u00e8re \u00e0 votre salle de bain avec ce receveur de douche extra-plat en r\u00e9sine et Finition pierre naturelle textur\u00e9e. \u00c0 la fois design et fonctionnel, il offre une alternative haut de gamme pour une douche \u00e0 l\u2019italienne moderne et s\u00e9curis\u00e9e. Recoupable [&hellip;]<\/p>\n","protected":false},"featured_media":34526,"comment_status":"open","ping_status":"closed","template":"","meta":{"_acf_changed":false},"product_brand":[],"product_cat":[456,845],"product_tag":[844],"class_list":{"0":"post-42446","1":"product","2":"type-product","3":"status-publish","4":"has-post-thumbnail","6":"product_cat-receveur-de-douche","7":"product_cat-resine-minerale","8":"product_tag-resine","9":"tm-has-options","11":"entry","12":"has-media","14":"first","15":"instock","16":"taxable","17":"shipping-taxable","18":"purchasable","19":"product-type-variable","20":"col","21":"span_1_of_3","22":"owp-content-center","23":"owp-thumbs-layout-horizontal","24":"owp-btn-big","25":"owp-tabs-layout-horizontal"},"acf":[],"aioseo_notices":[],"_links":{"self":[{"href":"https:\/\/lienou.fr\/fr\/wp-json\/wp\/v2\/product\/42446","targetHints":{"allow":["GET"]}}],"collection":[{"href":"https:\/\/lienou.fr\/fr\/wp-json\/wp\/v2\/product"}],"about":[{"href":"https:\/\/lienou.fr\/fr\/wp-json\/wp\/v2\/types\/product"}],"replies":[{"embeddable":true,"href":"https:\/\/lienou.fr\/fr\/wp-json\/wp\/v2\/comments?post=42446"}],"version-history":[{"count":2,"href":"https:\/\/lienou.fr\/fr\/wp-json\/wp\/v2\/product\/42446\/revisions"}],"predecessor-version":[{"id":43039,"href":"https:\/\/lienou.fr\/fr\/wp-json\/wp\/v2\/product\/42446\/revisions\/43039"}],"wp:featuredmedia":[{"embeddable":true,"href":"https:\/\/lienou.fr\/fr\/wp-json\/wp\/v2\/media\/34526"}],"wp:attachment":[{"href":"https:\/\/lienou.fr\/fr\/wp-json\/wp\/v2\/media?parent=42446"}],"wp:term":[{"taxonomy":"product_brand","embeddable":true,"href":"https:\/\/lienou.fr\/fr\/wp-json\/wp\/v2\/product_brand?post=42446"},{"taxonomy":"product_cat","embeddable":true,"href":"https:\/\/lienou.fr\/fr\/wp-json\/wp\/v2\/product_cat?post=42446"},{"taxonomy":"product_tag","embeddable":true,"href":"https:\/\/lienou.fr\/fr\/wp-json\/wp\/v2\/product_tag?post=42446"}],"curies":[{"name":"wp","href":"https:\/\/api.w.org\/{rel}","templated":true}]}}