{"id":42453,"date":"2025-09-05T02:48:07","date_gmt":"2025-09-05T00:48:07","guid":{"rendered":"https:\/\/lienou.fr\/?post_type=product&#038;p=42453"},"modified":"2025-12-06T09:33:43","modified_gmt":"2025-12-06T08:33:43","slug":"receveur-de-douche-en-corian-dupont-antares","status":"publish","type":"product","link":"https:\/\/lienou.fr\/fr\/catalogues\/receveur-de-douche\/corian\/receveur-de-douche-en-corian-dupont-antares\/","title":{"rendered":"Receveur de Douche en Corian DuPont \u2014 Antares"},"content":{"rendered":"<h3 class=\"\" data-start=\"208\" data-end=\"285\"><strong data-start=\"212\" data-end=\"285\">Receveur de douche en corian \u2013 \u00c9l\u00e9gance sobre, s\u00e9curit\u00e9 et durabilit\u00e9<\/strong><\/h3>\n<p class=\"\" data-start=\"287\" data-end=\"553\">Apportez une <strong data-start=\"300\" data-end=\"332\">touche de modernit\u00e9 discr\u00e8te<\/strong> \u00e0 votre salle de bain avec ce <strong data-start=\"363\" data-end=\"395\">receveur de douche en corian<\/strong>. Son design sobre et sophistiqu\u00e9 s\u2019int\u00e8gre parfaitement dans tous les styles d\u2019int\u00e9rieurs, des plus classiques aux plus contemporains.<\/p>\n<p class=\"\" data-start=\"555\" data-end=\"806\">Con\u00e7u pour durer, ce receveur est <strong data-start=\"589\" data-end=\"639\">r\u00e9sistant \u00e0 l\u2019usure, aux rayures et aux taches<\/strong>. Sa <strong data-start=\"644\" data-end=\"669\">surface antid\u00e9rapante<\/strong> garantit une <strong data-start=\"683\" data-end=\"708\">utilisation s\u00e9curis\u00e9e<\/strong>, tandis que sa <strong data-start=\"724\" data-end=\"747\">texture non poreuse<\/strong> permet un <strong data-start=\"758\" data-end=\"792\">nettoyage facile et hygi\u00e9nique<\/strong> au quotidien.<\/p>\n<ul>\n<li data-start=\"808\" data-end=\"970\"><strong data-start=\"810\" data-end=\"859\">Disponible en plusieurs dimensions et coloris<\/strong><\/li>\n<li data-start=\"808\" data-end=\"970\"><strong data-start=\"864\" data-end=\"921\">Id\u00e9al pour les douches \u00e0 l\u2019italienne ou de plain-pied<\/strong><\/li>\n<li data-start=\"808\" data-end=\"970\"><strong data-start=\"926\" data-end=\"970\">Esth\u00e9tique moderne + robustesse \u00e9prouv\u00e9e<\/strong><\/li>\n<\/ul>\n<p class=\"\" data-start=\"972\" data-end=\"1060\">Un choix fiable et \u00e9l\u00e9gant pour une salle de bain \u00e0 la fois <strong data-start=\"1032\" data-end=\"1059\">fonctionnelle et styl\u00e9e<\/strong>.<\/p>\n<ul>\n<li>R\u00e9sine et charges min\u00e9rales<\/li>\n<li>Couleur pleine masse<\/li>\n<li>Seuil de tol\u00e9rance 0&rsquo;3% de pente<\/li>\n<li>Surface Gel Coat pour une haute r\u00e9sistance<\/li>\n<\/ul>\n","protected":false},"excerpt":{"rendered":"<p>Receveur de douche en corian \u2013 \u00c9l\u00e9gance sobre, s\u00e9curit\u00e9 et durabilit\u00e9 Apportez une touche de modernit\u00e9 discr\u00e8te \u00e0 votre salle de bain avec ce receveur de douche en corian. Son design sobre et sophistiqu\u00e9 s\u2019int\u00e8gre parfaitement dans tous les styles d\u2019int\u00e9rieurs, des plus classiques aux plus contemporains. Con\u00e7u pour durer, ce receveur est r\u00e9sistant \u00e0 [&hellip;]<\/p>\n","protected":false},"featured_media":40538,"comment_status":"open","ping_status":"closed","template":"","meta":{"_acf_changed":false},"product_brand":[],"product_cat":[846,456],"product_tag":[842],"class_list":{"0":"post-42453","1":"product","2":"type-product","3":"status-publish","4":"has-post-thumbnail","6":"product_cat-corian","7":"product_cat-receveur-de-douche","8":"product_tag-corian","9":"tm-has-options","11":"entry","12":"has-media","14":"first","15":"instock","16":"taxable","17":"shipping-taxable","18":"purchasable","19":"product-type-variable","20":"col","21":"span_1_of_3","22":"owp-content-center","23":"owp-thumbs-layout-horizontal","24":"owp-btn-big","25":"owp-tabs-layout-horizontal"},"acf":[],"aioseo_notices":[],"_links":{"self":[{"href":"https:\/\/lienou.fr\/fr\/wp-json\/wp\/v2\/product\/42453","targetHints":{"allow":["GET"]}}],"collection":[{"href":"https:\/\/lienou.fr\/fr\/wp-json\/wp\/v2\/product"}],"about":[{"href":"https:\/\/lienou.fr\/fr\/wp-json\/wp\/v2\/types\/product"}],"replies":[{"embeddable":true,"href":"https:\/\/lienou.fr\/fr\/wp-json\/wp\/v2\/comments?post=42453"}],"version-history":[{"count":2,"href":"https:\/\/lienou.fr\/fr\/wp-json\/wp\/v2\/product\/42453\/revisions"}],"predecessor-version":[{"id":43051,"href":"https:\/\/lienou.fr\/fr\/wp-json\/wp\/v2\/product\/42453\/revisions\/43051"}],"wp:featuredmedia":[{"embeddable":true,"href":"https:\/\/lienou.fr\/fr\/wp-json\/wp\/v2\/media\/40538"}],"wp:attachment":[{"href":"https:\/\/lienou.fr\/fr\/wp-json\/wp\/v2\/media?parent=42453"}],"wp:term":[{"taxonomy":"product_brand","embeddable":true,"href":"https:\/\/lienou.fr\/fr\/wp-json\/wp\/v2\/product_brand?post=42453"},{"taxonomy":"product_cat","embeddable":true,"href":"https:\/\/lienou.fr\/fr\/wp-json\/wp\/v2\/product_cat?post=42453"},{"taxonomy":"product_tag","embeddable":true,"href":"https:\/\/lienou.fr\/fr\/wp-json\/wp\/v2\/product_tag?post=42453"}],"curies":[{"name":"wp","href":"https:\/\/api.w.org\/{rel}","templated":true}]}}